{"id":131,"date":"2018-03-08T16:27:55","date_gmt":"2018-03-08T15:27:55","guid":{"rendered":"http:\/\/larchedesbambinous.fr\/?page_id=131"},"modified":"2022-06-14T22:00:02","modified_gmt":"2022-06-14T20:00:02","slug":"revenu-inferieurs-a-20-000-e-par-an-pour-les-enfants-de-moins-de-3-ans","status":"publish","type":"page","link":"http:\/\/larchedesbambinous.fr\/index.php\/revenu-inferieurs-a-20-000-e-par-an-pour-les-enfants-de-moins-de-3-ans\/","title":{"rendered":"Revenu inf\u00e9rieurs \u00e0 55 000 \u20ac par an"},"content":{"rendered":"\n<p><\/p>\n\n\n<blockquote>\n<h2 style=\"text-align: center;\">Tarif : 5,00 \u20ac par heure<\/h2>\n<\/blockquote>\n<p>\u00a0<\/p>\n<table style=\"height: 499px;\" width=\"853\">\n<tbody>\n<tr>\n<td width=\"170\">\n<h4 style=\"text-align: center;\"><strong>Revenus inf\u00e9rieurs \u00e0 55\u00a0000\u20ac\/an<\/strong><\/h4>\n<\/td>\n<td style=\"text-align: center;\" width=\"178\">\n<h4><strong>Montant mensuel \u00e0 verser \u00e0 la micro-cr\u00e8che<\/strong><\/h4>\n<\/td>\n<td style=\"text-align: center;\" width=\"162\">\n<h4><strong>Montant maximal de l\u2019aide CAF\/CMG PAJE (85%)<\/strong><\/h4>\n<\/td>\n<td width=\"170\">\n<h4 style=\"text-align: center;\"><strong>Apr\u00e8s l\u2019aide, solde r\u00e9el restant \u00e0 votre charge<\/strong><\/h4>\n<\/td>\n<\/tr>\n<tr>\n<td width=\"170\">\n<p style=\"text-align: center;\"><strong>16h par mois<\/strong><\/p>\n<\/td>\n<td style=\"text-align: center;\" width=\"178\">\n<p><strong>80\u20ac00<\/strong><\/p>\n<\/td>\n<td style=\"text-align: center;\" width=\"162\">\n<p><strong>68\u20ac00<\/strong><\/p>\n<\/td>\n<td style=\"text-align: center;\" width=\"170\">\n<p><strong>12\u20ac00<\/strong><\/p>\n<\/td>\n<\/tr>\n<tr>\n<td width=\"170\">\n<p style=\"text-align: center;\"><strong>20h par mois<\/strong><\/p>\n<\/td>\n<td style=\"text-align: center;\" width=\"178\">\n<p><strong>100\u20ac00<\/strong><\/p>\n<\/td>\n<td style=\"text-align: center;\" width=\"162\">\n<p><strong>85\u20ac00<\/strong><\/p>\n<\/td>\n<td style=\"text-align: center;\" width=\"170\">\n<p><strong>15\u20ac00<\/strong><\/p>\n<\/td>\n<\/tr>\n<tr>\n<td width=\"170\">\n<p style=\"text-align: center;\"><strong>40h par mois<\/strong><\/p>\n<\/td>\n<td style=\"text-align: center;\" width=\"178\">\n<p><strong>200\u20ac00<\/strong><\/p>\n<\/td>\n<td style=\"text-align: center;\" width=\"162\">\n<p><strong>170\u20ac00<\/strong><\/p>\n<\/td>\n<td style=\"text-align: center;\" width=\"170\">\n<p><strong>30\u20ac00<\/strong><\/p>\n<\/td>\n<\/tr>\n<tr>\n<td width=\"170\">\n<p style=\"text-align: center;\"><strong>60h par mois<\/strong><\/p>\n<\/td>\n<td style=\"text-align: center;\" width=\"178\">\n<p><strong>300\u20ac00<\/strong><\/p>\n<\/td>\n<td style=\"text-align: center;\" width=\"162\">\n<p><strong>255\u20ac00<\/strong><\/p>\n<\/td>\n<td style=\"text-align: center;\" width=\"170\">\n<p><strong>45\u20ac00<\/strong><\/p>\n<\/td>\n<\/tr>\n<tr>\n<td width=\"170\">\n<p style=\"text-align: center;\"><strong>80h par mois<\/strong><\/p>\n<\/td>\n<td style=\"text-align: center;\" width=\"178\">\n<p><strong>400\u20ac00<\/strong><\/p>\n<\/td>\n<td style=\"text-align: center;\" width=\"162\">\n<p><strong>340\u20ac00<\/strong><\/p>\n<\/td>\n<td style=\"text-align: center;\" width=\"170\">\n<p><strong>60\u20ac00<\/strong><\/p>\n<\/td>\n<\/tr>\n<tr>\n<td width=\"170\">\n<p style=\"text-align: center;\"><strong>100h par mois<\/strong><\/p>\n<\/td>\n<td style=\"text-align: center;\" width=\"178\">\n<p><strong>500\u20ac00<\/strong><\/p>\n<\/td>\n<td style=\"text-align: center;\" width=\"162\">\n<p><strong>425\u20ac00<\/strong><\/p>\n<\/td>\n<td style=\"text-align: center;\" width=\"170\">\n<p><strong>75\u20ac00<\/strong><\/p>\n<\/td>\n<\/tr>\n<tr>\n<td style=\"text-align: center;\" width=\"170\">\n<p style=\"text-align: center;\"><strong>120h par mois<\/strong><\/p>\n<\/td>\n<td style=\"text-align: center;\" width=\"178\">\n<p><strong>600\u20ac00<\/strong><\/p>\n<\/td>\n<td style=\"text-align: center;\" width=\"162\">\n<p><strong>510\u20ac00<\/strong><\/p>\n<\/td>\n<td width=\"170\">\n<p style=\"text-align: center;\"><strong>90\u20ac00<\/strong><\/p>\n<\/td>\n<\/tr>\n<tr>\n<td style=\"text-align: center;\" width=\"170\">\n<p><strong>140h par mois<\/strong><\/p>\n<\/td>\n<td style=\"text-align: center;\" width=\"178\">\n<p><strong>700\u20ac00<\/strong><\/p>\n<\/td>\n<td style=\"text-align: center;\" width=\"162\">\n<p><strong>595\u20ac00<\/strong><\/p>\n<\/td>\n<td width=\"170\">\n<p style=\"text-align: center;\"><strong>105\u20ac00<\/strong><\/p>\n<\/td>\n<\/tr>\n<tr>\n<td style=\"text-align: center;\" width=\"170\">\n<p><strong>160h par mois<\/strong><\/p>\n<\/td>\n<td style=\"text-align: center;\" width=\"178\">\n<p><strong>800\u20ac00<\/strong><\/p>\n<\/td>\n<td style=\"text-align: center;\" width=\"162\">\n<p><strong>680\u20ac00<\/strong><\/p>\n<\/td>\n<td width=\"170\">\n<p style=\"text-align: center;\"><strong>120\u20ac00<\/strong><\/p>\n<\/td>\n<\/tr>\n<tr>\n<td style=\"text-align: center;\" width=\"170\">\n<p><strong>180h par mois<\/strong><\/p>\n<\/td>\n<td style=\"text-align: center;\" width=\"178\">\n<p><strong>900\u20ac00<\/strong><\/p>\n<\/td>\n<td style=\"text-align: center;\" width=\"162\">\n<p><strong>765\u20ac00<\/strong><\/p>\n<\/td>\n<td width=\"170\">\n<p style=\"text-align: center;\"><strong>135\u20ac00<\/strong><\/p>\n<\/td>\n<\/tr>\n<tr>\n<td style=\"text-align: center;\" width=\"170\">\n<p><strong>200h par mois<\/strong><\/p>\n<\/td>\n<td style=\"text-align: center;\" width=\"178\">\n<p><strong>1000\u20ac00<\/strong><\/p>\n<\/td>\n<td style=\"text-align: center;\" width=\"162\">\n<p><strong>850\u20ac00<\/strong><\/p>\n<\/td>\n<td width=\"170\">\n<p style=\"text-align: center;\"><strong>150\u20ac00<\/strong><\/p>\n<\/td>\n<\/tr>\n<\/tbody>\n<\/table>\n<p style=\"text-align: center;\"><span style=\"vertical-align: inherit;\"><span style=\"vertical-align: inherit;\"><span style=\"vertical-align: inherit;\"><span style=\"vertical-align: inherit;\">\u00a0<\/span><\/span><\/span><\/span><\/p>","protected":false},"excerpt":{"rendered":"<p>Tarif : 5,00 \u20ac par heure \u00a0 Revenus inf\u00e9rieurs \u00e0 55\u00a0000\u20ac\/an Montant mensuel \u00e0 verser \u00e0 la micro-cr\u00e8che Montant maximal de l\u2019aide CAF\/CMG PAJE (85%) Apr\u00e8s l\u2019aide, solde r\u00e9el restant \u00e0 votre charge 16h par mois 80\u20ac00 68\u20ac00 12\u20ac00 20h &hellip; <\/p>\n","protected":false},"author":1,"featured_media":0,"parent":0,"menu_order":0,"comment_status":"closed","ping_status":"closed","template":"","meta":[],"yoast_head":"<!-- This site is optimized with the Yoast SEO plugin v19.1 - https:\/\/yoast.com\/wordpress\/plugins\/seo\/ -->\n<title>Revenu inf\u00e9rieurs \u00e0 55 000 \u20ac par an - L&#039;Arche des Bambinous<\/title>\n<meta name=\"robots\" content=\"index, follow, max-snippet:-1, max-image-preview:large, max-video-preview:-1\" \/>\n<link rel=\"canonical\" href=\"http:\/\/larchedesbambinous.fr\/index.php\/revenu-inferieurs-a-20-000-e-par-an-pour-les-enfants-de-moins-de-3-ans\/\" \/>\n<meta property=\"og:locale\" content=\"en_US\" \/>\n<meta property=\"og:type\" content=\"article\" \/>\n<meta property=\"og:title\" content=\"Revenu inf\u00e9rieurs \u00e0 55 000 \u20ac par an - L&#039;Arche des Bambinous\" \/>\n<meta property=\"og:description\" content=\"Tarif : 5,00 \u20ac par heure \u00a0 Revenus inf\u00e9rieurs \u00e0 55\u00a0000\u20ac\/an Montant mensuel \u00e0 verser \u00e0 la micro-cr\u00e8che Montant maximal de l\u2019aide CAF\/CMG PAJE (85%) Apr\u00e8s l\u2019aide, solde r\u00e9el restant \u00e0 votre charge 16h par mois 80\u20ac00 68\u20ac00 12\u20ac00 20h &hellip;\" \/>\n<meta property=\"og:url\" content=\"http:\/\/larchedesbambinous.fr\/index.php\/revenu-inferieurs-a-20-000-e-par-an-pour-les-enfants-de-moins-de-3-ans\/\" \/>\n<meta property=\"og:site_name\" content=\"L&#039;Arche des Bambinous\" \/>\n<meta property=\"article:publisher\" content=\"https:\/\/fr-fr.facebook.com\/pages\/biz\/97122\/Micro-cr%c3%a8che-LArche-des-Bambinous-170594110228766\" \/>\n<meta property=\"article:modified_time\" content=\"2022-06-14T20:00:02+00:00\" \/>\n<meta name=\"twitter:card\" content=\"summary_large_image\" \/>\n<script type=\"application\/ld+json\" class=\"yoast-schema-graph\">{\"@context\":\"https:\/\/schema.org\",\"@graph\":[{\"@type\":\"Organization\",\"@id\":\"https:\/\/larchedesbambinous.fr\/#organization\",\"name\":\"Micro-cr\u00e8che L'Arche des Bambinous\",\"url\":\"https:\/\/larchedesbambinous.fr\/\",\"sameAs\":[\"https:\/\/fr-fr.facebook.com\/pages\/biz\/97122\/Micro-cr\u00e8che-LArche-des-Bambinous-170594110228766\"],\"logo\":{\"@type\":\"ImageObject\",\"inLanguage\":\"en-US\",\"@id\":\"https:\/\/larchedesbambinous.fr\/#\/schema\/logo\/image\/\",\"url\":\"http:\/\/larchedesbambinous.fr\/wp-content\/uploads\/2018\/02\/Logo-site-micro-creche-pro.png\",\"contentUrl\":\"http:\/\/larchedesbambinous.fr\/wp-content\/uploads\/2018\/02\/Logo-site-micro-creche-pro.png\",\"width\":160,\"height\":150,\"caption\":\"Micro-cr\u00e8che L'Arche des Bambinous\"},\"image\":{\"@id\":\"https:\/\/larchedesbambinous.fr\/#\/schema\/logo\/image\/\"}},{\"@type\":\"WebSite\",\"@id\":\"https:\/\/larchedesbambinous.fr\/#website\",\"url\":\"https:\/\/larchedesbambinous.fr\/\",\"name\":\"L'Arche des Bambinous\",\"description\":\"Micro-cr\u00e8che \u00e0 Baie-Mahault , Guadeloupe\",\"publisher\":{\"@id\":\"https:\/\/larchedesbambinous.fr\/#organization\"},\"potentialAction\":[{\"@type\":\"SearchAction\",\"target\":{\"@type\":\"EntryPoint\",\"urlTemplate\":\"https:\/\/larchedesbambinous.fr\/?s={search_term_string}\"},\"query-input\":\"required name=search_term_string\"}],\"inLanguage\":\"en-US\"},{\"@type\":\"WebPage\",\"@id\":\"http:\/\/larchedesbambinous.fr\/index.php\/revenu-inferieurs-a-20-000-e-par-an-pour-les-enfants-de-moins-de-3-ans\/#webpage\",\"url\":\"http:\/\/larchedesbambinous.fr\/index.php\/revenu-inferieurs-a-20-000-e-par-an-pour-les-enfants-de-moins-de-3-ans\/\",\"name\":\"Revenu inf\u00e9rieurs \u00e0 55 000 \u20ac par an - L&#039;Arche des Bambinous\",\"isPartOf\":{\"@id\":\"https:\/\/larchedesbambinous.fr\/#website\"},\"datePublished\":\"2018-03-08T15:27:55+00:00\",\"dateModified\":\"2022-06-14T20:00:02+00:00\",\"breadcrumb\":{\"@id\":\"http:\/\/larchedesbambinous.fr\/index.php\/revenu-inferieurs-a-20-000-e-par-an-pour-les-enfants-de-moins-de-3-ans\/#breadcrumb\"},\"inLanguage\":\"en-US\",\"potentialAction\":[{\"@type\":\"ReadAction\",\"target\":[\"http:\/\/larchedesbambinous.fr\/index.php\/revenu-inferieurs-a-20-000-e-par-an-pour-les-enfants-de-moins-de-3-ans\/\"]}]},{\"@type\":\"BreadcrumbList\",\"@id\":\"http:\/\/larchedesbambinous.fr\/index.php\/revenu-inferieurs-a-20-000-e-par-an-pour-les-enfants-de-moins-de-3-ans\/#breadcrumb\",\"itemListElement\":[{\"@type\":\"ListItem\",\"position\":1,\"name\":\"Home\",\"item\":\"https:\/\/larchedesbambinous.fr\/\"},{\"@type\":\"ListItem\",\"position\":2,\"name\":\"Revenu inf\u00e9rieurs \u00e0 55 000 \u20ac par an\"}]}]}<\/script>\n<!-- \/ Yoast SEO plugin. -->","yoast_head_json":{"title":"Revenu inf\u00e9rieurs \u00e0 55 000 \u20ac par an - L&#039;Arche des Bambinous","robots":{"index":"index","follow":"follow","max-snippet":"max-snippet:-1","max-image-preview":"max-image-preview:large","max-video-preview":"max-video-preview:-1"},"canonical":"http:\/\/larchedesbambinous.fr\/index.php\/revenu-inferieurs-a-20-000-e-par-an-pour-les-enfants-de-moins-de-3-ans\/","og_locale":"en_US","og_type":"article","og_title":"Revenu inf\u00e9rieurs \u00e0 55 000 \u20ac par an - L&#039;Arche des Bambinous","og_description":"Tarif : 5,00 \u20ac par heure \u00a0 Revenus inf\u00e9rieurs \u00e0 55\u00a0000\u20ac\/an Montant mensuel \u00e0 verser \u00e0 la micro-cr\u00e8che Montant maximal de l\u2019aide CAF\/CMG PAJE (85%) Apr\u00e8s l\u2019aide, solde r\u00e9el restant \u00e0 votre charge 16h par mois 80\u20ac00 68\u20ac00 12\u20ac00 20h &hellip;","og_url":"http:\/\/larchedesbambinous.fr\/index.php\/revenu-inferieurs-a-20-000-e-par-an-pour-les-enfants-de-moins-de-3-ans\/","og_site_name":"L&#039;Arche des Bambinous","article_publisher":"https:\/\/fr-fr.facebook.com\/pages\/biz\/97122\/Micro-cr%c3%a8che-LArche-des-Bambinous-170594110228766","article_modified_time":"2022-06-14T20:00:02+00:00","twitter_card":"summary_large_image","schema":{"@context":"https:\/\/schema.org","@graph":[{"@type":"Organization","@id":"https:\/\/larchedesbambinous.fr\/#organization","name":"Micro-cr\u00e8che L'Arche des Bambinous","url":"https:\/\/larchedesbambinous.fr\/","sameAs":["https:\/\/fr-fr.facebook.com\/pages\/biz\/97122\/Micro-cr\u00e8che-LArche-des-Bambinous-170594110228766"],"logo":{"@type":"ImageObject","inLanguage":"en-US","@id":"https:\/\/larchedesbambinous.fr\/#\/schema\/logo\/image\/","url":"http:\/\/larchedesbambinous.fr\/wp-content\/uploads\/2018\/02\/Logo-site-micro-creche-pro.png","contentUrl":"http:\/\/larchedesbambinous.fr\/wp-content\/uploads\/2018\/02\/Logo-site-micro-creche-pro.png","width":160,"height":150,"caption":"Micro-cr\u00e8che L'Arche des Bambinous"},"image":{"@id":"https:\/\/larchedesbambinous.fr\/#\/schema\/logo\/image\/"}},{"@type":"WebSite","@id":"https:\/\/larchedesbambinous.fr\/#website","url":"https:\/\/larchedesbambinous.fr\/","name":"L'Arche des Bambinous","description":"Micro-cr\u00e8che \u00e0 Baie-Mahault , Guadeloupe","publisher":{"@id":"https:\/\/larchedesbambinous.fr\/#organization"},"potentialAction":[{"@type":"SearchAction","target":{"@type":"EntryPoint","urlTemplate":"https:\/\/larchedesbambinous.fr\/?s={search_term_string}"},"query-input":"required name=search_term_string"}],"inLanguage":"en-US"},{"@type":"WebPage","@id":"http:\/\/larchedesbambinous.fr\/index.php\/revenu-inferieurs-a-20-000-e-par-an-pour-les-enfants-de-moins-de-3-ans\/#webpage","url":"http:\/\/larchedesbambinous.fr\/index.php\/revenu-inferieurs-a-20-000-e-par-an-pour-les-enfants-de-moins-de-3-ans\/","name":"Revenu inf\u00e9rieurs \u00e0 55 000 \u20ac par an - L&#039;Arche des Bambinous","isPartOf":{"@id":"https:\/\/larchedesbambinous.fr\/#website"},"datePublished":"2018-03-08T15:27:55+00:00","dateModified":"2022-06-14T20:00:02+00:00","breadcrumb":{"@id":"http:\/\/larchedesbambinous.fr\/index.php\/revenu-inferieurs-a-20-000-e-par-an-pour-les-enfants-de-moins-de-3-ans\/#breadcrumb"},"inLanguage":"en-US","potentialAction":[{"@type":"ReadAction","target":["http:\/\/larchedesbambinous.fr\/index.php\/revenu-inferieurs-a-20-000-e-par-an-pour-les-enfants-de-moins-de-3-ans\/"]}]},{"@type":"BreadcrumbList","@id":"http:\/\/larchedesbambinous.fr\/index.php\/revenu-inferieurs-a-20-000-e-par-an-pour-les-enfants-de-moins-de-3-ans\/#breadcrumb","itemListElement":[{"@type":"ListItem","position":1,"name":"Home","item":"https:\/\/larchedesbambinous.fr\/"},{"@type":"ListItem","position":2,"name":"Revenu inf\u00e9rieurs \u00e0 55 000 \u20ac par an"}]}]}},"_links":{"self":[{"href":"http:\/\/larchedesbambinous.fr\/index.php\/wp-json\/wp\/v2\/pages\/131"}],"collection":[{"href":"http:\/\/larchedesbambinous.fr\/index.php\/wp-json\/wp\/v2\/pages"}],"about":[{"href":"http:\/\/larchedesbambinous.fr\/index.php\/wp-json\/wp\/v2\/types\/page"}],"author":[{"embeddable":true,"href":"http:\/\/larchedesbambinous.fr\/index.php\/wp-json\/wp\/v2\/users\/1"}],"replies":[{"embeddable":true,"href":"http:\/\/larchedesbambinous.fr\/index.php\/wp-json\/wp\/v2\/comments?post=131"}],"version-history":[{"count":13,"href":"http:\/\/larchedesbambinous.fr\/index.php\/wp-json\/wp\/v2\/pages\/131\/revisions"}],"predecessor-version":[{"id":304,"href":"http:\/\/larchedesbambinous.fr\/index.php\/wp-json\/wp\/v2\/pages\/131\/revisions\/304"}],"wp:attachment":[{"href":"http:\/\/larchedesbambinous.fr\/index.php\/wp-json\/wp\/v2\/media?parent=131"}],"curies":[{"name":"wp","href":"https:\/\/api.w.org\/{rel}","templated":true}]}}