{"id":136,"date":"2018-03-08T16:30:56","date_gmt":"2018-03-08T15:30:56","guid":{"rendered":"http:\/\/larchedesbambinous.fr\/?page_id=136"},"modified":"2022-06-14T21:59:22","modified_gmt":"2022-06-14T19:59:22","slug":"revenu-superieurs-a-45-000-e-par-an-pour-les-enfants-de-moins-de-3-ans","status":"publish","type":"page","link":"http:\/\/larchedesbambinous.fr\/index.php\/revenu-superieurs-a-45-000-e-par-an-pour-les-enfants-de-moins-de-3-ans\/","title":{"rendered":"Revenu sup\u00e9rieurs \u00e0 56 000 \u20ac par an"},"content":{"rendered":"<blockquote>\n<h2 style=\"text-align: center;\">Tarif: 5,25 \u20ac par heure<\/h2>\n<\/blockquote>\n<p style=\"text-align: center;\">\n<table style=\"height: 464px;\" width=\"855\">\n<tbody>\n<tr>\n<td width=\"170\">\n<h4 style=\"text-align: center;\"><strong>Revenus sup\u00e9rieurs \u00e0 56\u00a0000\u20ac\/an<\/strong><\/h4>\n<\/td>\n<td style=\"text-align: center;\" width=\"178\">\n<h4><strong>Montant mensuel \u00e0 verser \u00e0 la micro-cr\u00e8che<\/strong><\/h4>\n<\/td>\n<td style=\"text-align: center;\" width=\"162\">\n<h4><strong>Montant maximal de l\u2019aide CAF\/CMG PAJE<\/strong><\/h4>\n<\/td>\n<td width=\"170\">\n<h4 style=\"text-align: center;\"><strong>Apr\u00e8s l\u2019aide, solde r\u00e9el restant \u00e0 votre charge<\/strong><\/h4>\n<\/td>\n<\/tr>\n<tr>\n<td width=\"170\">\n<p style=\"text-align: center;\"><strong>16h par mois<\/strong><\/p>\n<\/td>\n<td style=\"text-align: center;\" width=\"178\"><strong>84\u20ac00<\/strong><\/td>\n<td style=\"text-align: center;\" width=\"162\"><strong>71\u20ac40<\/strong><\/td>\n<td style=\"text-align: center;\" width=\"170\"><strong>12\u20ac60<\/strong><\/td>\n<\/tr>\n<tr>\n<td width=\"170\">\n<p style=\"text-align: center;\"><strong>20h par mois<\/strong><\/p>\n<\/td>\n<td style=\"text-align: center;\" width=\"178\"><strong>105\u20ac00<\/strong><\/td>\n<td style=\"text-align: center;\" width=\"162\"><strong>89\u20ac25<\/strong><\/td>\n<td style=\"text-align: center;\" width=\"170\"><strong>15\u20ac75<\/strong><\/td>\n<\/tr>\n<tr>\n<td width=\"170\">\n<p style=\"text-align: center;\"><strong>40h par mois<\/strong><\/p>\n<\/td>\n<td style=\"text-align: center;\" width=\"178\"><strong>210\u20ac00<\/strong><\/td>\n<td style=\"text-align: center;\" width=\"162\"><strong>178\u20ac50<\/strong><\/td>\n<td style=\"text-align: center;\" width=\"170\"><strong>31\u20ac50<\/strong><\/td>\n<\/tr>\n<tr>\n<td width=\"170\">\n<p style=\"text-align: center;\"><strong>60h par mois<\/strong><\/p>\n<\/td>\n<td style=\"text-align: center;\" width=\"178\"><strong>315\u20ac00<\/strong><\/td>\n<td style=\"text-align: center;\" width=\"162\"><strong>267\u20ac75<\/strong><\/td>\n<td style=\"text-align: center;\" width=\"170\"><strong>47\u20ac25<\/strong><\/td>\n<\/tr>\n<tr>\n<td width=\"170\">\n<p style=\"text-align: center;\"><strong>80h par mois<\/strong><\/p>\n<\/td>\n<td style=\"text-align: center;\" width=\"178\"><strong>420\u20ac00<\/strong><\/td>\n<td style=\"text-align: center;\" width=\"162\"><strong>355\u20ac00<\/strong><\/td>\n<td style=\"text-align: center;\" width=\"170\"><strong>65\u20ac00<\/strong><\/td>\n<\/tr>\n<tr>\n<td width=\"170\">\n<p style=\"text-align: center;\"><strong>100h par mois<\/strong><\/p>\n<\/td>\n<td style=\"text-align: center;\" width=\"178\"><strong>525\u20ac00<\/strong><\/td>\n<td style=\"text-align: center;\" width=\"162\"><strong>446\u20ac25<\/strong><\/td>\n<td style=\"text-align: center;\" width=\"170\"><strong>78\u20ac75<\/strong><\/td>\n<\/tr>\n<tr>\n<td style=\"text-align: center;\" width=\"170\"><strong>120h par mois<\/strong><\/td>\n<td style=\"text-align: center;\" width=\"178\"><strong>630\u20ac00<\/strong><\/td>\n<td style=\"text-align: center;\" width=\"162\"><strong>535\u20ac50<\/strong><\/td>\n<td width=\"170\">\n<p style=\"text-align: center;\"><strong>94\u20ac50<\/strong><\/p>\n<\/td>\n<\/tr>\n<tr>\n<td style=\"text-align: center;\" width=\"170\"><strong>140h par mois<\/strong><\/td>\n<td style=\"text-align: center;\" width=\"178\"><strong>735\u20ac00<\/strong><\/td>\n<td style=\"text-align: center;\" width=\"162\"><strong>624\u20ac75<\/strong><\/td>\n<td width=\"170\">\n<p style=\"text-align: center;\"><strong>110\u20ac25<\/strong><\/p>\n<\/td>\n<\/tr>\n<tr>\n<td style=\"text-align: center;\" width=\"170\">\n<p style=\"text-align: center;\"><strong>160h par mois<\/strong><\/p>\n<\/td>\n<td style=\"text-align: center;\" width=\"178\"><strong>840\u20ac00<\/strong><\/td>\n<td style=\"text-align: center;\" width=\"162\"><strong>714\u20ac00<\/strong><\/td>\n<td width=\"170\">\n<p style=\"text-align: center;\"><strong>126\u20ac00<\/strong><\/p>\n<\/td>\n<\/tr>\n<tr>\n<td style=\"text-align: center;\" width=\"170\"><strong>180h par mois<\/strong><\/td>\n<td style=\"text-align: center;\" width=\"178\"><strong>945\u20ac00<\/strong><\/td>\n<td style=\"text-align: center;\" width=\"162\"><strong>803\u20ac25<\/strong><\/td>\n<td width=\"170\">\n<p style=\"text-align: center;\"><strong>141\u20ac75<\/strong><\/p>\n<\/td>\n<\/tr>\n<tr>\n<td width=\"170\">\n<p style=\"text-align: center;\"><strong>200h par mois<\/strong><\/p>\n<\/td>\n<td style=\"text-align: center;\" width=\"178\"><strong>1050\u20ac00<\/strong><\/td>\n<td style=\"text-align: center;\" width=\"162\"><strong>892\u20ac50<\/strong><\/td>\n<td width=\"170\">\n<p style=\"text-align: center;\"><strong>157\u20ac50<\/strong><\/p>\n<\/td>\n<\/tr>\n<\/tbody>\n<\/table>\n","protected":false},"excerpt":{"rendered":"<p>Tarif: 5,25 \u20ac par heure Revenus sup\u00e9rieurs \u00e0 56\u00a0000\u20ac\/an Montant mensuel \u00e0 verser \u00e0 la micro-cr\u00e8che Montant maximal de l\u2019aide CAF\/CMG PAJE Apr\u00e8s l\u2019aide, solde r\u00e9el restant \u00e0 votre charge 16h par mois 84\u20ac00 71\u20ac40 12\u20ac60 20h par mois 105\u20ac00 &hellip; <\/p>\n","protected":false},"author":1,"featured_media":0,"parent":0,"menu_order":0,"comment_status":"closed","ping_status":"closed","template":"","meta":[],"yoast_head":"<!-- This site is optimized with the Yoast SEO plugin v19.1 - https:\/\/yoast.com\/wordpress\/plugins\/seo\/ -->\n<title>Revenu sup\u00e9rieurs \u00e0 56 000 \u20ac par an - L&#039;Arche des Bambinous<\/title>\n<meta name=\"robots\" content=\"index, follow, max-snippet:-1, max-image-preview:large, max-video-preview:-1\" \/>\n<link rel=\"canonical\" href=\"http:\/\/larchedesbambinous.fr\/index.php\/revenu-superieurs-a-45-000-e-par-an-pour-les-enfants-de-moins-de-3-ans\/\" \/>\n<meta property=\"og:locale\" content=\"en_US\" \/>\n<meta property=\"og:type\" content=\"article\" \/>\n<meta property=\"og:title\" content=\"Revenu sup\u00e9rieurs \u00e0 56 000 \u20ac par an - L&#039;Arche des Bambinous\" \/>\n<meta property=\"og:description\" content=\"Tarif: 5,25 \u20ac par heure Revenus sup\u00e9rieurs \u00e0 56\u00a0000\u20ac\/an Montant mensuel \u00e0 verser \u00e0 la micro-cr\u00e8che Montant maximal de l\u2019aide CAF\/CMG PAJE Apr\u00e8s l\u2019aide, solde r\u00e9el restant \u00e0 votre charge 16h par mois 84\u20ac00 71\u20ac40 12\u20ac60 20h par mois 105\u20ac00 &hellip;\" \/>\n<meta property=\"og:url\" content=\"http:\/\/larchedesbambinous.fr\/index.php\/revenu-superieurs-a-45-000-e-par-an-pour-les-enfants-de-moins-de-3-ans\/\" \/>\n<meta property=\"og:site_name\" content=\"L&#039;Arche des Bambinous\" \/>\n<meta property=\"article:publisher\" content=\"https:\/\/fr-fr.facebook.com\/pages\/biz\/97122\/Micro-cr%c3%a8che-LArche-des-Bambinous-170594110228766\" \/>\n<meta property=\"article:modified_time\" content=\"2022-06-14T19:59:22+00:00\" \/>\n<meta name=\"twitter:card\" content=\"summary_large_image\" \/>\n<script type=\"application\/ld+json\" class=\"yoast-schema-graph\">{\"@context\":\"https:\/\/schema.org\",\"@graph\":[{\"@type\":\"Organization\",\"@id\":\"https:\/\/larchedesbambinous.fr\/#organization\",\"name\":\"Micro-cr\u00e8che L'Arche des Bambinous\",\"url\":\"https:\/\/larchedesbambinous.fr\/\",\"sameAs\":[\"https:\/\/fr-fr.facebook.com\/pages\/biz\/97122\/Micro-cr\u00e8che-LArche-des-Bambinous-170594110228766\"],\"logo\":{\"@type\":\"ImageObject\",\"inLanguage\":\"en-US\",\"@id\":\"https:\/\/larchedesbambinous.fr\/#\/schema\/logo\/image\/\",\"url\":\"http:\/\/larchedesbambinous.fr\/wp-content\/uploads\/2018\/02\/Logo-site-micro-creche-pro.png\",\"contentUrl\":\"http:\/\/larchedesbambinous.fr\/wp-content\/uploads\/2018\/02\/Logo-site-micro-creche-pro.png\",\"width\":160,\"height\":150,\"caption\":\"Micro-cr\u00e8che L'Arche des Bambinous\"},\"image\":{\"@id\":\"https:\/\/larchedesbambinous.fr\/#\/schema\/logo\/image\/\"}},{\"@type\":\"WebSite\",\"@id\":\"https:\/\/larchedesbambinous.fr\/#website\",\"url\":\"https:\/\/larchedesbambinous.fr\/\",\"name\":\"L'Arche des Bambinous\",\"description\":\"Micro-cr\u00e8che \u00e0 Baie-Mahault , Guadeloupe\",\"publisher\":{\"@id\":\"https:\/\/larchedesbambinous.fr\/#organization\"},\"potentialAction\":[{\"@type\":\"SearchAction\",\"target\":{\"@type\":\"EntryPoint\",\"urlTemplate\":\"https:\/\/larchedesbambinous.fr\/?s={search_term_string}\"},\"query-input\":\"required name=search_term_string\"}],\"inLanguage\":\"en-US\"},{\"@type\":\"WebPage\",\"@id\":\"http:\/\/larchedesbambinous.fr\/index.php\/revenu-superieurs-a-45-000-e-par-an-pour-les-enfants-de-moins-de-3-ans\/#webpage\",\"url\":\"http:\/\/larchedesbambinous.fr\/index.php\/revenu-superieurs-a-45-000-e-par-an-pour-les-enfants-de-moins-de-3-ans\/\",\"name\":\"Revenu sup\u00e9rieurs \u00e0 56 000 \u20ac par an - L&#039;Arche des Bambinous\",\"isPartOf\":{\"@id\":\"https:\/\/larchedesbambinous.fr\/#website\"},\"datePublished\":\"2018-03-08T15:30:56+00:00\",\"dateModified\":\"2022-06-14T19:59:22+00:00\",\"breadcrumb\":{\"@id\":\"http:\/\/larchedesbambinous.fr\/index.php\/revenu-superieurs-a-45-000-e-par-an-pour-les-enfants-de-moins-de-3-ans\/#breadcrumb\"},\"inLanguage\":\"en-US\",\"potentialAction\":[{\"@type\":\"ReadAction\",\"target\":[\"http:\/\/larchedesbambinous.fr\/index.php\/revenu-superieurs-a-45-000-e-par-an-pour-les-enfants-de-moins-de-3-ans\/\"]}]},{\"@type\":\"BreadcrumbList\",\"@id\":\"http:\/\/larchedesbambinous.fr\/index.php\/revenu-superieurs-a-45-000-e-par-an-pour-les-enfants-de-moins-de-3-ans\/#breadcrumb\",\"itemListElement\":[{\"@type\":\"ListItem\",\"position\":1,\"name\":\"Home\",\"item\":\"https:\/\/larchedesbambinous.fr\/\"},{\"@type\":\"ListItem\",\"position\":2,\"name\":\"Revenu sup\u00e9rieurs \u00e0 56 000 \u20ac par an\"}]}]}<\/script>\n<!-- \/ Yoast SEO plugin. -->","yoast_head_json":{"title":"Revenu sup\u00e9rieurs \u00e0 56 000 \u20ac par an - L&#039;Arche des Bambinous","robots":{"index":"index","follow":"follow","max-snippet":"max-snippet:-1","max-image-preview":"max-image-preview:large","max-video-preview":"max-video-preview:-1"},"canonical":"http:\/\/larchedesbambinous.fr\/index.php\/revenu-superieurs-a-45-000-e-par-an-pour-les-enfants-de-moins-de-3-ans\/","og_locale":"en_US","og_type":"article","og_title":"Revenu sup\u00e9rieurs \u00e0 56 000 \u20ac par an - L&#039;Arche des Bambinous","og_description":"Tarif: 5,25 \u20ac par heure Revenus sup\u00e9rieurs \u00e0 56\u00a0000\u20ac\/an Montant mensuel \u00e0 verser \u00e0 la micro-cr\u00e8che Montant maximal de l\u2019aide CAF\/CMG PAJE Apr\u00e8s l\u2019aide, solde r\u00e9el restant \u00e0 votre charge 16h par mois 84\u20ac00 71\u20ac40 12\u20ac60 20h par mois 105\u20ac00 &hellip;","og_url":"http:\/\/larchedesbambinous.fr\/index.php\/revenu-superieurs-a-45-000-e-par-an-pour-les-enfants-de-moins-de-3-ans\/","og_site_name":"L&#039;Arche des Bambinous","article_publisher":"https:\/\/fr-fr.facebook.com\/pages\/biz\/97122\/Micro-cr%c3%a8che-LArche-des-Bambinous-170594110228766","article_modified_time":"2022-06-14T19:59:22+00:00","twitter_card":"summary_large_image","schema":{"@context":"https:\/\/schema.org","@graph":[{"@type":"Organization","@id":"https:\/\/larchedesbambinous.fr\/#organization","name":"Micro-cr\u00e8che L'Arche des Bambinous","url":"https:\/\/larchedesbambinous.fr\/","sameAs":["https:\/\/fr-fr.facebook.com\/pages\/biz\/97122\/Micro-cr\u00e8che-LArche-des-Bambinous-170594110228766"],"logo":{"@type":"ImageObject","inLanguage":"en-US","@id":"https:\/\/larchedesbambinous.fr\/#\/schema\/logo\/image\/","url":"http:\/\/larchedesbambinous.fr\/wp-content\/uploads\/2018\/02\/Logo-site-micro-creche-pro.png","contentUrl":"http:\/\/larchedesbambinous.fr\/wp-content\/uploads\/2018\/02\/Logo-site-micro-creche-pro.png","width":160,"height":150,"caption":"Micro-cr\u00e8che L'Arche des Bambinous"},"image":{"@id":"https:\/\/larchedesbambinous.fr\/#\/schema\/logo\/image\/"}},{"@type":"WebSite","@id":"https:\/\/larchedesbambinous.fr\/#website","url":"https:\/\/larchedesbambinous.fr\/","name":"L'Arche des Bambinous","description":"Micro-cr\u00e8che \u00e0 Baie-Mahault , Guadeloupe","publisher":{"@id":"https:\/\/larchedesbambinous.fr\/#organization"},"potentialAction":[{"@type":"SearchAction","target":{"@type":"EntryPoint","urlTemplate":"https:\/\/larchedesbambinous.fr\/?s={search_term_string}"},"query-input":"required name=search_term_string"}],"inLanguage":"en-US"},{"@type":"WebPage","@id":"http:\/\/larchedesbambinous.fr\/index.php\/revenu-superieurs-a-45-000-e-par-an-pour-les-enfants-de-moins-de-3-ans\/#webpage","url":"http:\/\/larchedesbambinous.fr\/index.php\/revenu-superieurs-a-45-000-e-par-an-pour-les-enfants-de-moins-de-3-ans\/","name":"Revenu sup\u00e9rieurs \u00e0 56 000 \u20ac par an - L&#039;Arche des Bambinous","isPartOf":{"@id":"https:\/\/larchedesbambinous.fr\/#website"},"datePublished":"2018-03-08T15:30:56+00:00","dateModified":"2022-06-14T19:59:22+00:00","breadcrumb":{"@id":"http:\/\/larchedesbambinous.fr\/index.php\/revenu-superieurs-a-45-000-e-par-an-pour-les-enfants-de-moins-de-3-ans\/#breadcrumb"},"inLanguage":"en-US","potentialAction":[{"@type":"ReadAction","target":["http:\/\/larchedesbambinous.fr\/index.php\/revenu-superieurs-a-45-000-e-par-an-pour-les-enfants-de-moins-de-3-ans\/"]}]},{"@type":"BreadcrumbList","@id":"http:\/\/larchedesbambinous.fr\/index.php\/revenu-superieurs-a-45-000-e-par-an-pour-les-enfants-de-moins-de-3-ans\/#breadcrumb","itemListElement":[{"@type":"ListItem","position":1,"name":"Home","item":"https:\/\/larchedesbambinous.fr\/"},{"@type":"ListItem","position":2,"name":"Revenu sup\u00e9rieurs \u00e0 56 000 \u20ac par an"}]}]}},"_links":{"self":[{"href":"http:\/\/larchedesbambinous.fr\/index.php\/wp-json\/wp\/v2\/pages\/136"}],"collection":[{"href":"http:\/\/larchedesbambinous.fr\/index.php\/wp-json\/wp\/v2\/pages"}],"about":[{"href":"http:\/\/larchedesbambinous.fr\/index.php\/wp-json\/wp\/v2\/types\/page"}],"author":[{"embeddable":true,"href":"http:\/\/larchedesbambinous.fr\/index.php\/wp-json\/wp\/v2\/users\/1"}],"replies":[{"embeddable":true,"href":"http:\/\/larchedesbambinous.fr\/index.php\/wp-json\/wp\/v2\/comments?post=136"}],"version-history":[{"count":7,"href":"http:\/\/larchedesbambinous.fr\/index.php\/wp-json\/wp\/v2\/pages\/136\/revisions"}],"predecessor-version":[{"id":303,"href":"http:\/\/larchedesbambinous.fr\/index.php\/wp-json\/wp\/v2\/pages\/136\/revisions\/303"}],"wp:attachment":[{"href":"http:\/\/larchedesbambinous.fr\/index.php\/wp-json\/wp\/v2\/media?parent=136"}],"curies":[{"name":"wp","href":"https:\/\/api.w.org\/{rel}","templated":true}]}}