{"id":101,"date":"2018-02-14T20:29:25","date_gmt":"2018-02-14T19:29:25","guid":{"rendered":"http:\/\/larchedesbambinous.fr\/?page_id=101"},"modified":"2018-07-04T15:57:07","modified_gmt":"2018-07-04T13:57:07","slug":"ateliers","status":"publish","type":"page","link":"https:\/\/larchedesbambinous.fr\/index.php\/ateliers\/","title":{"rendered":"Ateliers"},"content":{"rendered":"<p style=\"text-align: center;\"><span style=\"vertical-align: inherit;\"><span style=\"vertical-align: inherit;\">Toujours dans le but d&#8217;aider les parents, nous mettrons en place les ateliers suivants:<\/span><\/span><\/p>\n<p>&nbsp;<\/p>\n<ul>\n<li><em><span style=\"vertical-align: inherit;\"><span style=\"vertical-align: inherit;\">Ateliers d&#8217;aide \u00e0 la parentalit\u00e9<\/span><\/span><\/em><\/li>\n<\/ul>\n<p><span style=\"vertical-align: inherit;\"><span style=\"vertical-align: inherit;\">De concert, les professionnelles de la structure, les parents, notamment les groupes de parole lib\u00e9ratoire, de r\u00e9pondre aux questions de parentalit\u00e9, d&#8217;\u00e9ducation des enfants, etc. ..<\/span><\/span><\/p>\n<p><span style=\"vertical-align: inherit;\"><span style=\"vertical-align: inherit;\">Les ateliers seront un moment conviviale qui aura pour but d&#8217;am\u00e9liorer la coh\u00e9sion et la compr\u00e9hension entre les parents et leurs enfants.<\/span><\/span><\/p>\n<ul>\n<li><em><span style=\"vertical-align: inherit;\"><span style=\"vertical-align: inherit;\">Ateliers Insertion professionnelle<\/span><\/span><\/em><\/li>\n<\/ul>\n<p>Sp\u00e9cialement pens\u00e9 pour que la reprise d\u2019activit\u00e9 ne d\u00e9stabilise pas le foyer familial ou le lien parental, les ateliers peuvent prendre la forme de jeux de r\u00f4le, groupe de parole, de la recherche guid\u00e9e et parfois par une formation. Notre but est de soutenir les parents dans cette d\u00e9marche souvent difficile.<\/p>\n<ul>\n<li>Autres actions diverses<\/li>\n<\/ul>\n<p>Bien sur, d&#8217;autres actions pourront \u00e9merger en fonction des besoins, des id\u00e9es et de la cr\u00e9ativit\u00e9 des parents et de l&#8217;\u00e9quipe.<\/p>\n<p>&nbsp;<\/p>\n<p style=\"text-align: center;\"><em><span style=\"vertical-align: inherit;\"><span style=\"vertical-align: inherit;\">L&#8217;aspect collectif des ateliers est stimulant par la dynamique de groupe. <\/span><span style=\"vertical-align: inherit;\">Les rencontres collectives se d\u00e9rouleront une fois tous les deux mois en fonction des possibilit\u00e9s.<\/span><\/span><\/em><\/p>\n","protected":false},"excerpt":{"rendered":"<p>Toujours dans le but d&#8217;aider les parents, nous mettrons en place les ateliers suivants: &nbsp; Ateliers d&#8217;aide \u00e0 la parentalit\u00e9 De concert, les professionnelles de la structure, les parents, notamment les groupes de parole lib\u00e9ratoire, de r\u00e9pondre aux questions de &hellip; <\/p>\n","protected":false},"author":1,"featured_media":0,"parent":0,"menu_order":0,"comment_status":"closed","ping_status":"closed","template":"","meta":[],"yoast_head":"<!-- This site is optimized with the Yoast SEO plugin v19.1 - https:\/\/yoast.com\/wordpress\/plugins\/seo\/ -->\n<title>Ateliers - L&#039;Arche des Bambinous<\/title>\n<meta name=\"robots\" content=\"index, follow, max-snippet:-1, max-image-preview:large, max-video-preview:-1\" \/>\n<link rel=\"canonical\" href=\"https:\/\/larchedesbambinous.fr\/index.php\/ateliers\/\" \/>\n<meta property=\"og:locale\" content=\"en_US\" \/>\n<meta property=\"og:type\" content=\"article\" \/>\n<meta property=\"og:title\" content=\"Ateliers - L&#039;Arche des Bambinous\" \/>\n<meta property=\"og:description\" content=\"Toujours dans le but d&#8217;aider les parents, nous mettrons en place les ateliers suivants: &nbsp; Ateliers d&#8217;aide \u00e0 la parentalit\u00e9 De concert, les professionnelles de la structure, les parents, notamment les groupes de parole lib\u00e9ratoire, de r\u00e9pondre aux questions de &hellip;\" \/>\n<meta property=\"og:url\" content=\"https:\/\/larchedesbambinous.fr\/index.php\/ateliers\/\" \/>\n<meta property=\"og:site_name\" content=\"L&#039;Arche des Bambinous\" \/>\n<meta property=\"article:publisher\" content=\"https:\/\/fr-fr.facebook.com\/pages\/biz\/97122\/Micro-cr%c3%a8che-LArche-des-Bambinous-170594110228766\" \/>\n<meta property=\"article:modified_time\" content=\"2018-07-04T13:57:07+00:00\" \/>\n<meta name=\"twitter:card\" content=\"summary_large_image\" \/>\n<meta name=\"twitter:label1\" content=\"Est. reading time\" \/>\n\t<meta name=\"twitter:data1\" content=\"1 minute\" \/>\n<script type=\"application\/ld+json\" class=\"yoast-schema-graph\">{\"@context\":\"https:\/\/schema.org\",\"@graph\":[{\"@type\":\"Organization\",\"@id\":\"https:\/\/larchedesbambinous.fr\/#organization\",\"name\":\"Micro-cr\u00e8che L'Arche des Bambinous\",\"url\":\"https:\/\/larchedesbambinous.fr\/\",\"sameAs\":[\"https:\/\/fr-fr.facebook.com\/pages\/biz\/97122\/Micro-cr\u00e8che-LArche-des-Bambinous-170594110228766\"],\"logo\":{\"@type\":\"ImageObject\",\"inLanguage\":\"en-US\",\"@id\":\"https:\/\/larchedesbambinous.fr\/#\/schema\/logo\/image\/\",\"url\":\"http:\/\/larchedesbambinous.fr\/wp-content\/uploads\/2018\/02\/Logo-site-micro-creche-pro.png\",\"contentUrl\":\"http:\/\/larchedesbambinous.fr\/wp-content\/uploads\/2018\/02\/Logo-site-micro-creche-pro.png\",\"width\":160,\"height\":150,\"caption\":\"Micro-cr\u00e8che L'Arche des Bambinous\"},\"image\":{\"@id\":\"https:\/\/larchedesbambinous.fr\/#\/schema\/logo\/image\/\"}},{\"@type\":\"WebSite\",\"@id\":\"https:\/\/larchedesbambinous.fr\/#website\",\"url\":\"https:\/\/larchedesbambinous.fr\/\",\"name\":\"L'Arche des Bambinous\",\"description\":\"Micro-cr\u00e8che \u00e0 Baie-Mahault , Guadeloupe\",\"publisher\":{\"@id\":\"https:\/\/larchedesbambinous.fr\/#organization\"},\"potentialAction\":[{\"@type\":\"SearchAction\",\"target\":{\"@type\":\"EntryPoint\",\"urlTemplate\":\"https:\/\/larchedesbambinous.fr\/?s={search_term_string}\"},\"query-input\":\"required name=search_term_string\"}],\"inLanguage\":\"en-US\"},{\"@type\":\"WebPage\",\"@id\":\"https:\/\/larchedesbambinous.fr\/index.php\/ateliers\/#webpage\",\"url\":\"https:\/\/larchedesbambinous.fr\/index.php\/ateliers\/\",\"name\":\"Ateliers - L&#039;Arche des Bambinous\",\"isPartOf\":{\"@id\":\"https:\/\/larchedesbambinous.fr\/#website\"},\"datePublished\":\"2018-02-14T19:29:25+00:00\",\"dateModified\":\"2018-07-04T13:57:07+00:00\",\"breadcrumb\":{\"@id\":\"https:\/\/larchedesbambinous.fr\/index.php\/ateliers\/#breadcrumb\"},\"inLanguage\":\"en-US\",\"potentialAction\":[{\"@type\":\"ReadAction\",\"target\":[\"https:\/\/larchedesbambinous.fr\/index.php\/ateliers\/\"]}]},{\"@type\":\"BreadcrumbList\",\"@id\":\"https:\/\/larchedesbambinous.fr\/index.php\/ateliers\/#breadcrumb\",\"itemListElement\":[{\"@type\":\"ListItem\",\"position\":1,\"name\":\"Home\",\"item\":\"https:\/\/larchedesbambinous.fr\/\"},{\"@type\":\"ListItem\",\"position\":2,\"name\":\"Ateliers\"}]}]}<\/script>\n<!-- \/ Yoast SEO plugin. -->","yoast_head_json":{"title":"Ateliers - L&#039;Arche des Bambinous","robots":{"index":"index","follow":"follow","max-snippet":"max-snippet:-1","max-image-preview":"max-image-preview:large","max-video-preview":"max-video-preview:-1"},"canonical":"https:\/\/larchedesbambinous.fr\/index.php\/ateliers\/","og_locale":"en_US","og_type":"article","og_title":"Ateliers - L&#039;Arche des Bambinous","og_description":"Toujours dans le but d&#8217;aider les parents, nous mettrons en place les ateliers suivants: &nbsp; Ateliers d&#8217;aide \u00e0 la parentalit\u00e9 De concert, les professionnelles de la structure, les parents, notamment les groupes de parole lib\u00e9ratoire, de r\u00e9pondre aux questions de &hellip;","og_url":"https:\/\/larchedesbambinous.fr\/index.php\/ateliers\/","og_site_name":"L&#039;Arche des Bambinous","article_publisher":"https:\/\/fr-fr.facebook.com\/pages\/biz\/97122\/Micro-cr%c3%a8che-LArche-des-Bambinous-170594110228766","article_modified_time":"2018-07-04T13:57:07+00:00","twitter_card":"summary_large_image","twitter_misc":{"Est. reading time":"1 minute"},"schema":{"@context":"https:\/\/schema.org","@graph":[{"@type":"Organization","@id":"https:\/\/larchedesbambinous.fr\/#organization","name":"Micro-cr\u00e8che L'Arche des Bambinous","url":"https:\/\/larchedesbambinous.fr\/","sameAs":["https:\/\/fr-fr.facebook.com\/pages\/biz\/97122\/Micro-cr\u00e8che-LArche-des-Bambinous-170594110228766"],"logo":{"@type":"ImageObject","inLanguage":"en-US","@id":"https:\/\/larchedesbambinous.fr\/#\/schema\/logo\/image\/","url":"http:\/\/larchedesbambinous.fr\/wp-content\/uploads\/2018\/02\/Logo-site-micro-creche-pro.png","contentUrl":"http:\/\/larchedesbambinous.fr\/wp-content\/uploads\/2018\/02\/Logo-site-micro-creche-pro.png","width":160,"height":150,"caption":"Micro-cr\u00e8che L'Arche des Bambinous"},"image":{"@id":"https:\/\/larchedesbambinous.fr\/#\/schema\/logo\/image\/"}},{"@type":"WebSite","@id":"https:\/\/larchedesbambinous.fr\/#website","url":"https:\/\/larchedesbambinous.fr\/","name":"L'Arche des Bambinous","description":"Micro-cr\u00e8che \u00e0 Baie-Mahault , Guadeloupe","publisher":{"@id":"https:\/\/larchedesbambinous.fr\/#organization"},"potentialAction":[{"@type":"SearchAction","target":{"@type":"EntryPoint","urlTemplate":"https:\/\/larchedesbambinous.fr\/?s={search_term_string}"},"query-input":"required name=search_term_string"}],"inLanguage":"en-US"},{"@type":"WebPage","@id":"https:\/\/larchedesbambinous.fr\/index.php\/ateliers\/#webpage","url":"https:\/\/larchedesbambinous.fr\/index.php\/ateliers\/","name":"Ateliers - L&#039;Arche des Bambinous","isPartOf":{"@id":"https:\/\/larchedesbambinous.fr\/#website"},"datePublished":"2018-02-14T19:29:25+00:00","dateModified":"2018-07-04T13:57:07+00:00","breadcrumb":{"@id":"https:\/\/larchedesbambinous.fr\/index.php\/ateliers\/#breadcrumb"},"inLanguage":"en-US","potentialAction":[{"@type":"ReadAction","target":["https:\/\/larchedesbambinous.fr\/index.php\/ateliers\/"]}]},{"@type":"BreadcrumbList","@id":"https:\/\/larchedesbambinous.fr\/index.php\/ateliers\/#breadcrumb","itemListElement":[{"@type":"ListItem","position":1,"name":"Home","item":"https:\/\/larchedesbambinous.fr\/"},{"@type":"ListItem","position":2,"name":"Ateliers"}]}]}},"_links":{"self":[{"href":"https:\/\/larchedesbambinous.fr\/index.php\/wp-json\/wp\/v2\/pages\/101"}],"collection":[{"href":"https:\/\/larchedesbambinous.fr\/index.php\/wp-json\/wp\/v2\/pages"}],"about":[{"href":"https:\/\/larchedesbambinous.fr\/index.php\/wp-json\/wp\/v2\/types\/page"}],"author":[{"embeddable":true,"href":"https:\/\/larchedesbambinous.fr\/index.php\/wp-json\/wp\/v2\/users\/1"}],"replies":[{"embeddable":true,"href":"https:\/\/larchedesbambinous.fr\/index.php\/wp-json\/wp\/v2\/comments?post=101"}],"version-history":[{"count":5,"href":"https:\/\/larchedesbambinous.fr\/index.php\/wp-json\/wp\/v2\/pages\/101\/revisions"}],"predecessor-version":[{"id":207,"href":"https:\/\/larchedesbambinous.fr\/index.php\/wp-json\/wp\/v2\/pages\/101\/revisions\/207"}],"wp:attachment":[{"href":"https:\/\/larchedesbambinous.fr\/index.php\/wp-json\/wp\/v2\/media?parent=101"}],"curies":[{"name":"wp","href":"https:\/\/api.w.org\/{rel}","templated":true}]}}