{"id":17,"date":"2018-02-13T01:33:51","date_gmt":"2018-02-13T00:33:51","guid":{"rendered":"http:\/\/larchedesbambinous.fr\/?page_id=17"},"modified":"2021-06-23T23:37:49","modified_gmt":"2021-06-23T21:37:49","slug":"notre-equipe","status":"publish","type":"page","link":"https:\/\/larchedesbambinous.fr\/index.php\/arche-des-bambinous\/notre-equipe\/","title":{"rendered":"Notre \u00e9quipe"},"content":{"rendered":"<p>L\u2019\u00e9quipe professionnelle de la micro-cr\u00e8che L&#8217;Arche des Bambinous est pluridisciplinaire et r\u00e9pond aux exigences d\u2019encadrement exig\u00e9es par le\u00a0d\u00e9cret n\u00b02010-613 du 7 Juin 2010.<br \/>\nL\u2019\u00e9quipe est compos\u00e9e de <b>5<\/b>\u00a0<strong>professionnel(le)s petite enfance dipl\u00f4m\u00e9(e)s<\/strong>\u00a0:<\/p>\n<ul>\n<li>1 Infirmi\u00e8re dipl\u00f4m\u00e9 d&#8217;\u00e9tat -&gt; R\u00e9f\u00e9rent technique<\/li>\n<li>1 Auxiliaire de pu\u00e9riculture -&gt; Gestionnaire<\/li>\n<li>3 professionnelles petite enfance dipl\u00f4m\u00e9es<\/li>\n<\/ul>\n<p>Puis pour les ateliers Parents et accompagnement (ponctuels et sur rendez-vous):<\/p>\n<ul>\n<li>1 Conseill\u00e8re en \u00e9conomie sociale et familiale<\/li>\n<\/ul>\n","protected":false},"excerpt":{"rendered":"<p>L\u2019\u00e9quipe professionnelle de la micro-cr\u00e8che L&#8217;Arche des Bambinous est pluridisciplinaire et r\u00e9pond aux exigences d\u2019encadrement exig\u00e9es par le\u00a0d\u00e9cret n\u00b02010-613 du 7 Juin 2010. L\u2019\u00e9quipe est compos\u00e9e de 5\u00a0professionnel(le)s petite enfance dipl\u00f4m\u00e9(e)s\u00a0: 1 Infirmi\u00e8re dipl\u00f4m\u00e9 d&#8217;\u00e9tat -&gt; R\u00e9f\u00e9rent technique 1 Auxiliaire &hellip; <\/p>\n","protected":false},"author":1,"featured_media":0,"parent":13,"menu_order":0,"comment_status":"closed","ping_status":"closed","template":"","meta":[],"yoast_head":"<!-- This site is optimized with the Yoast SEO plugin v19.1 - https:\/\/yoast.com\/wordpress\/plugins\/seo\/ -->\n<title>Notre \u00e9quipe - L&#039;Arche des Bambinous<\/title>\n<meta name=\"robots\" content=\"index, follow, max-snippet:-1, max-image-preview:large, max-video-preview:-1\" \/>\n<link rel=\"canonical\" href=\"https:\/\/larchedesbambinous.fr\/index.php\/arche-des-bambinous\/notre-equipe\/\" \/>\n<meta property=\"og:locale\" content=\"en_US\" \/>\n<meta property=\"og:type\" content=\"article\" \/>\n<meta property=\"og:title\" content=\"Notre \u00e9quipe - L&#039;Arche des Bambinous\" \/>\n<meta property=\"og:description\" content=\"L\u2019\u00e9quipe professionnelle de la micro-cr\u00e8che L&#8217;Arche des Bambinous est pluridisciplinaire et r\u00e9pond aux exigences d\u2019encadrement exig\u00e9es par le\u00a0d\u00e9cret n\u00b02010-613 du 7 Juin 2010. L\u2019\u00e9quipe est compos\u00e9e de 5\u00a0professionnel(le)s petite enfance dipl\u00f4m\u00e9(e)s\u00a0: 1 Infirmi\u00e8re dipl\u00f4m\u00e9 d&#8217;\u00e9tat -&gt; R\u00e9f\u00e9rent technique 1 Auxiliaire &hellip;\" \/>\n<meta property=\"og:url\" content=\"https:\/\/larchedesbambinous.fr\/index.php\/arche-des-bambinous\/notre-equipe\/\" \/>\n<meta property=\"og:site_name\" content=\"L&#039;Arche des Bambinous\" \/>\n<meta property=\"article:publisher\" content=\"https:\/\/fr-fr.facebook.com\/pages\/biz\/97122\/Micro-cr%c3%a8che-LArche-des-Bambinous-170594110228766\" \/>\n<meta property=\"article:modified_time\" content=\"2021-06-23T21:37:49+00:00\" \/>\n<meta name=\"twitter:card\" content=\"summary_large_image\" \/>\n<script type=\"application\/ld+json\" class=\"yoast-schema-graph\">{\"@context\":\"https:\/\/schema.org\",\"@graph\":[{\"@type\":\"Organization\",\"@id\":\"https:\/\/larchedesbambinous.fr\/#organization\",\"name\":\"Micro-cr\u00e8che L'Arche des Bambinous\",\"url\":\"https:\/\/larchedesbambinous.fr\/\",\"sameAs\":[\"https:\/\/fr-fr.facebook.com\/pages\/biz\/97122\/Micro-cr\u00e8che-LArche-des-Bambinous-170594110228766\"],\"logo\":{\"@type\":\"ImageObject\",\"inLanguage\":\"en-US\",\"@id\":\"https:\/\/larchedesbambinous.fr\/#\/schema\/logo\/image\/\",\"url\":\"http:\/\/larchedesbambinous.fr\/wp-content\/uploads\/2018\/02\/Logo-site-micro-creche-pro.png\",\"contentUrl\":\"http:\/\/larchedesbambinous.fr\/wp-content\/uploads\/2018\/02\/Logo-site-micro-creche-pro.png\",\"width\":160,\"height\":150,\"caption\":\"Micro-cr\u00e8che L'Arche des Bambinous\"},\"image\":{\"@id\":\"https:\/\/larchedesbambinous.fr\/#\/schema\/logo\/image\/\"}},{\"@type\":\"WebSite\",\"@id\":\"https:\/\/larchedesbambinous.fr\/#website\",\"url\":\"https:\/\/larchedesbambinous.fr\/\",\"name\":\"L'Arche des Bambinous\",\"description\":\"Micro-cr\u00e8che \u00e0 Baie-Mahault , Guadeloupe\",\"publisher\":{\"@id\":\"https:\/\/larchedesbambinous.fr\/#organization\"},\"potentialAction\":[{\"@type\":\"SearchAction\",\"target\":{\"@type\":\"EntryPoint\",\"urlTemplate\":\"https:\/\/larchedesbambinous.fr\/?s={search_term_string}\"},\"query-input\":\"required name=search_term_string\"}],\"inLanguage\":\"en-US\"},{\"@type\":\"WebPage\",\"@id\":\"https:\/\/larchedesbambinous.fr\/index.php\/arche-des-bambinous\/notre-equipe\/#webpage\",\"url\":\"https:\/\/larchedesbambinous.fr\/index.php\/arche-des-bambinous\/notre-equipe\/\",\"name\":\"Notre \u00e9quipe - L&#039;Arche des Bambinous\",\"isPartOf\":{\"@id\":\"https:\/\/larchedesbambinous.fr\/#website\"},\"datePublished\":\"2018-02-13T00:33:51+00:00\",\"dateModified\":\"2021-06-23T21:37:49+00:00\",\"breadcrumb\":{\"@id\":\"https:\/\/larchedesbambinous.fr\/index.php\/arche-des-bambinous\/notre-equipe\/#breadcrumb\"},\"inLanguage\":\"en-US\",\"potentialAction\":[{\"@type\":\"ReadAction\",\"target\":[\"https:\/\/larchedesbambinous.fr\/index.php\/arche-des-bambinous\/notre-equipe\/\"]}]},{\"@type\":\"BreadcrumbList\",\"@id\":\"https:\/\/larchedesbambinous.fr\/index.php\/arche-des-bambinous\/notre-equipe\/#breadcrumb\",\"itemListElement\":[{\"@type\":\"ListItem\",\"position\":1,\"name\":\"Home\",\"item\":\"https:\/\/larchedesbambinous.fr\/\"},{\"@type\":\"ListItem\",\"position\":2,\"name\":\"L&#8217;Arche des Bambinous\",\"item\":\"https:\/\/larchedesbambinous.fr\/index.php\/arche-des-bambinous\/\"},{\"@type\":\"ListItem\",\"position\":3,\"name\":\"Notre \u00e9quipe\"}]}]}<\/script>\n<!-- \/ Yoast SEO plugin. -->","yoast_head_json":{"title":"Notre \u00e9quipe - L&#039;Arche des Bambinous","robots":{"index":"index","follow":"follow","max-snippet":"max-snippet:-1","max-image-preview":"max-image-preview:large","max-video-preview":"max-video-preview:-1"},"canonical":"https:\/\/larchedesbambinous.fr\/index.php\/arche-des-bambinous\/notre-equipe\/","og_locale":"en_US","og_type":"article","og_title":"Notre \u00e9quipe - L&#039;Arche des Bambinous","og_description":"L\u2019\u00e9quipe professionnelle de la micro-cr\u00e8che L&#8217;Arche des Bambinous est pluridisciplinaire et r\u00e9pond aux exigences d\u2019encadrement exig\u00e9es par le\u00a0d\u00e9cret n\u00b02010-613 du 7 Juin 2010. L\u2019\u00e9quipe est compos\u00e9e de 5\u00a0professionnel(le)s petite enfance dipl\u00f4m\u00e9(e)s\u00a0: 1 Infirmi\u00e8re dipl\u00f4m\u00e9 d&#8217;\u00e9tat -&gt; R\u00e9f\u00e9rent technique 1 Auxiliaire &hellip;","og_url":"https:\/\/larchedesbambinous.fr\/index.php\/arche-des-bambinous\/notre-equipe\/","og_site_name":"L&#039;Arche des Bambinous","article_publisher":"https:\/\/fr-fr.facebook.com\/pages\/biz\/97122\/Micro-cr%c3%a8che-LArche-des-Bambinous-170594110228766","article_modified_time":"2021-06-23T21:37:49+00:00","twitter_card":"summary_large_image","schema":{"@context":"https:\/\/schema.org","@graph":[{"@type":"Organization","@id":"https:\/\/larchedesbambinous.fr\/#organization","name":"Micro-cr\u00e8che L'Arche des Bambinous","url":"https:\/\/larchedesbambinous.fr\/","sameAs":["https:\/\/fr-fr.facebook.com\/pages\/biz\/97122\/Micro-cr\u00e8che-LArche-des-Bambinous-170594110228766"],"logo":{"@type":"ImageObject","inLanguage":"en-US","@id":"https:\/\/larchedesbambinous.fr\/#\/schema\/logo\/image\/","url":"http:\/\/larchedesbambinous.fr\/wp-content\/uploads\/2018\/02\/Logo-site-micro-creche-pro.png","contentUrl":"http:\/\/larchedesbambinous.fr\/wp-content\/uploads\/2018\/02\/Logo-site-micro-creche-pro.png","width":160,"height":150,"caption":"Micro-cr\u00e8che L'Arche des Bambinous"},"image":{"@id":"https:\/\/larchedesbambinous.fr\/#\/schema\/logo\/image\/"}},{"@type":"WebSite","@id":"https:\/\/larchedesbambinous.fr\/#website","url":"https:\/\/larchedesbambinous.fr\/","name":"L'Arche des Bambinous","description":"Micro-cr\u00e8che \u00e0 Baie-Mahault , Guadeloupe","publisher":{"@id":"https:\/\/larchedesbambinous.fr\/#organization"},"potentialAction":[{"@type":"SearchAction","target":{"@type":"EntryPoint","urlTemplate":"https:\/\/larchedesbambinous.fr\/?s={search_term_string}"},"query-input":"required name=search_term_string"}],"inLanguage":"en-US"},{"@type":"WebPage","@id":"https:\/\/larchedesbambinous.fr\/index.php\/arche-des-bambinous\/notre-equipe\/#webpage","url":"https:\/\/larchedesbambinous.fr\/index.php\/arche-des-bambinous\/notre-equipe\/","name":"Notre \u00e9quipe - L&#039;Arche des Bambinous","isPartOf":{"@id":"https:\/\/larchedesbambinous.fr\/#website"},"datePublished":"2018-02-13T00:33:51+00:00","dateModified":"2021-06-23T21:37:49+00:00","breadcrumb":{"@id":"https:\/\/larchedesbambinous.fr\/index.php\/arche-des-bambinous\/notre-equipe\/#breadcrumb"},"inLanguage":"en-US","potentialAction":[{"@type":"ReadAction","target":["https:\/\/larchedesbambinous.fr\/index.php\/arche-des-bambinous\/notre-equipe\/"]}]},{"@type":"BreadcrumbList","@id":"https:\/\/larchedesbambinous.fr\/index.php\/arche-des-bambinous\/notre-equipe\/#breadcrumb","itemListElement":[{"@type":"ListItem","position":1,"name":"Home","item":"https:\/\/larchedesbambinous.fr\/"},{"@type":"ListItem","position":2,"name":"L&#8217;Arche des Bambinous","item":"https:\/\/larchedesbambinous.fr\/index.php\/arche-des-bambinous\/"},{"@type":"ListItem","position":3,"name":"Notre \u00e9quipe"}]}]}},"_links":{"self":[{"href":"https:\/\/larchedesbambinous.fr\/index.php\/wp-json\/wp\/v2\/pages\/17"}],"collection":[{"href":"https:\/\/larchedesbambinous.fr\/index.php\/wp-json\/wp\/v2\/pages"}],"about":[{"href":"https:\/\/larchedesbambinous.fr\/index.php\/wp-json\/wp\/v2\/types\/page"}],"author":[{"embeddable":true,"href":"https:\/\/larchedesbambinous.fr\/index.php\/wp-json\/wp\/v2\/users\/1"}],"replies":[{"embeddable":true,"href":"https:\/\/larchedesbambinous.fr\/index.php\/wp-json\/wp\/v2\/comments?post=17"}],"version-history":[{"count":3,"href":"https:\/\/larchedesbambinous.fr\/index.php\/wp-json\/wp\/v2\/pages\/17\/revisions"}],"predecessor-version":[{"id":284,"href":"https:\/\/larchedesbambinous.fr\/index.php\/wp-json\/wp\/v2\/pages\/17\/revisions\/284"}],"up":[{"embeddable":true,"href":"https:\/\/larchedesbambinous.fr\/index.php\/wp-json\/wp\/v2\/pages\/13"}],"wp:attachment":[{"href":"https:\/\/larchedesbambinous.fr\/index.php\/wp-json\/wp\/v2\/media?parent=17"}],"curies":[{"name":"wp","href":"https:\/\/api.w.org\/{rel}","templated":true}]}}