{"id":29,"date":"2018-02-13T01:51:09","date_gmt":"2018-02-13T00:51:09","guid":{"rendered":"http:\/\/larchedesbambinous.fr\/?page_id=29"},"modified":"2018-07-04T17:02:10","modified_gmt":"2018-07-04T15:02:10","slug":"fonctionnement","status":"publish","type":"page","link":"https:\/\/larchedesbambinous.fr\/index.php\/arche-des-bambinous\/fonctionnement\/","title":{"rendered":"Fonctionnement"},"content":{"rendered":"<p>Au quotidien<\/p>\n<p><u>L\u2019arriv\u00e9e le matin\u00a0:<\/u><\/p>\n<p>Lors de\u00a0l\u2019accueil du matin, une animatrice se rend disponible pour retranscrire les informations : s\u2019informer du sommeil, de l\u2019app\u00e9tit, de l\u2019humeur et de la sant\u00e9 de l\u2019enfant. Ceci permettant la prise en compte de chaque enfant dans son individualit\u00e9 et la continuit\u00e9 maison\/cr\u00e8che.<\/p>\n<p>Elle \u00e9coute les demandes particuli\u00e8res des parents et analyse si cette demande est compatible avec la vie en collectivit\u00e9, de fa\u00e7on \u00e0 rendre une r\u00e9ponse. En effet, respecter le rythme et les habitudes de l\u2019enfant n\u2019impliquent pas n\u00e9cessairement que nous soyons en mesure de r\u00e9pondre \u00e0 toutes les particularit\u00e9s. En outre, nous sommes vigilants \u00e0 ne pas se substituer aux parents qui restent les premiers acteurs de la vie de l\u2019enfant.<\/p>\n<p>Les informations not\u00e9es sont recueillies dans le cahier de transmission puis partag\u00e9es avec les autres professionnels du secteur.<\/p>\n<p>L&#8217;animatrice est \u00e9galement l\u00e0 pour assurer la transition et accompagner l\u2019enfant au milieu du groupe.<\/p>\n<p>L\u2019accueil s\u2019\u00e9chelonne de 6h00 \u00e0 9h30, il est important de respecter ce cr\u00e9neau horaire qui permet d\u2019avoir une \u00e9quipe disponible \u00e0 ce moment-l\u00e0. L\u2019am\u00e9nagement de l\u2019espace permet aux parents de rentrer dans la salle de vie, et montre que le lieu d\u2019accueil est ouvert.<\/p>\n<p>Pour les s\u00e9parations difficiles, la reprise en analyse de la pratique est un outil int\u00e9ressant.<\/p>\n<p><u>Le d\u00e9part du soir\u00a0:<\/u><\/p>\n<p>L\u2019accueil se fait de 14h00 \u00e0 21h30.<\/p>\n<p>Les parents rentrent dans la pi\u00e8ce de vie pour un temps de retrouvailles avec leur enfant. Les transmissions se font \u00e0 partir des notes inscrites dans un cahier, dont le contenu est adapt\u00e9 \u00e0 la demande des parents. Sur ce temps deux animatrices sont pr\u00e9sentes, chaque parent doit comprendre qu\u2019il doit attendre son tour pour avoir des retours de qualit\u00e9. Il est important qu\u2019ils nous per\u00e7oivent comme des partenaires actifs, attentifs au bien-\u00eatre et \u00e0 la bonne \u00e9volution de leur enfant afin d\u2019instaurer un climat de confiance et de solidarit\u00e9.<\/p>\n<p>Le r\u00f4le de l&#8217;animatrice est de transmettre et d\u2019aider \u00e0 partir.<\/p>\n<p>Tout au long de la journ\u00e9e\u00a0:<\/p>\n<p>Accueillir c\u2019est aussi\u00a0:<\/p>\n<p>-Accueillir les envies et \u00e9motions de l\u2019enfant, dans le respect de la singularit\u00e9 de chacun, d\u2019o\u00f9 l\u2019importance de la formation des professionnelles pour \u00eatre pr\u00eat \u00e0 cela.<\/p>\n<p>-Accueillir les parents qui peuvent t\u00e9l\u00e9phoner dans la journ\u00e9e pour faire le point ou demander des nouvelles de leur enfant, apr\u00e8s un d\u00e9part difficile par exemple.<\/p>\n<p>Pour un bon d\u00e9roulement de la journ\u00e9e : tant pour le bien-\u00eatre des enfants et le respect de leurs activit\u00e9s, nous demanderons aux parents de respecter des plages horaires pour l\u2019arriv\u00e9e et le d\u00e9part des enfants.<\/p>\n<p>La micro-cr\u00e8che sera un lieu o\u00f9 l\u2019enfant pourra inventer des activit\u00e9s vari\u00e9es lui permettant de faire diff\u00e9rentes exp\u00e9riences, d\u00e9couvertes et s\u2019ouvrir sur le monde qui l\u2019entoure.<\/p>\n","protected":false},"excerpt":{"rendered":"<p>Au quotidien L\u2019arriv\u00e9e le matin\u00a0: Lors de\u00a0l\u2019accueil du matin, une animatrice se rend disponible pour retranscrire les informations : s\u2019informer du sommeil, de l\u2019app\u00e9tit, de l\u2019humeur et de la sant\u00e9 de l\u2019enfant. Ceci permettant la prise en compte de chaque &hellip; <\/p>\n","protected":false},"author":1,"featured_media":0,"parent":13,"menu_order":0,"comment_status":"closed","ping_status":"closed","template":"","meta":[],"yoast_head":"<!-- This site is optimized with the Yoast SEO plugin v19.1 - https:\/\/yoast.com\/wordpress\/plugins\/seo\/ -->\n<title>Fonctionnement - L&#039;Arche des Bambinous<\/title>\n<meta name=\"robots\" content=\"index, follow, max-snippet:-1, max-image-preview:large, max-video-preview:-1\" \/>\n<link rel=\"canonical\" href=\"https:\/\/larchedesbambinous.fr\/index.php\/arche-des-bambinous\/fonctionnement\/\" \/>\n<meta property=\"og:locale\" content=\"en_US\" \/>\n<meta property=\"og:type\" content=\"article\" \/>\n<meta property=\"og:title\" content=\"Fonctionnement - L&#039;Arche des Bambinous\" \/>\n<meta property=\"og:description\" content=\"Au quotidien L\u2019arriv\u00e9e le matin\u00a0: Lors de\u00a0l\u2019accueil du matin, une animatrice se rend disponible pour retranscrire les informations : s\u2019informer du sommeil, de l\u2019app\u00e9tit, de l\u2019humeur et de la sant\u00e9 de l\u2019enfant. Ceci permettant la prise en compte de chaque &hellip;\" \/>\n<meta property=\"og:url\" content=\"https:\/\/larchedesbambinous.fr\/index.php\/arche-des-bambinous\/fonctionnement\/\" \/>\n<meta property=\"og:site_name\" content=\"L&#039;Arche des Bambinous\" \/>\n<meta property=\"article:publisher\" content=\"https:\/\/fr-fr.facebook.com\/pages\/biz\/97122\/Micro-cr%c3%a8che-LArche-des-Bambinous-170594110228766\" \/>\n<meta property=\"article:modified_time\" content=\"2018-07-04T15:02:10+00:00\" \/>\n<meta name=\"twitter:card\" content=\"summary_large_image\" \/>\n<meta name=\"twitter:label1\" content=\"Est. reading time\" \/>\n\t<meta name=\"twitter:data1\" content=\"3 minutes\" \/>\n<script type=\"application\/ld+json\" class=\"yoast-schema-graph\">{\"@context\":\"https:\/\/schema.org\",\"@graph\":[{\"@type\":\"Organization\",\"@id\":\"https:\/\/larchedesbambinous.fr\/#organization\",\"name\":\"Micro-cr\u00e8che L'Arche des Bambinous\",\"url\":\"https:\/\/larchedesbambinous.fr\/\",\"sameAs\":[\"https:\/\/fr-fr.facebook.com\/pages\/biz\/97122\/Micro-cr\u00e8che-LArche-des-Bambinous-170594110228766\"],\"logo\":{\"@type\":\"ImageObject\",\"inLanguage\":\"en-US\",\"@id\":\"https:\/\/larchedesbambinous.fr\/#\/schema\/logo\/image\/\",\"url\":\"http:\/\/larchedesbambinous.fr\/wp-content\/uploads\/2018\/02\/Logo-site-micro-creche-pro.png\",\"contentUrl\":\"http:\/\/larchedesbambinous.fr\/wp-content\/uploads\/2018\/02\/Logo-site-micro-creche-pro.png\",\"width\":160,\"height\":150,\"caption\":\"Micro-cr\u00e8che L'Arche des Bambinous\"},\"image\":{\"@id\":\"https:\/\/larchedesbambinous.fr\/#\/schema\/logo\/image\/\"}},{\"@type\":\"WebSite\",\"@id\":\"https:\/\/larchedesbambinous.fr\/#website\",\"url\":\"https:\/\/larchedesbambinous.fr\/\",\"name\":\"L'Arche des Bambinous\",\"description\":\"Micro-cr\u00e8che \u00e0 Baie-Mahault , Guadeloupe\",\"publisher\":{\"@id\":\"https:\/\/larchedesbambinous.fr\/#organization\"},\"potentialAction\":[{\"@type\":\"SearchAction\",\"target\":{\"@type\":\"EntryPoint\",\"urlTemplate\":\"https:\/\/larchedesbambinous.fr\/?s={search_term_string}\"},\"query-input\":\"required name=search_term_string\"}],\"inLanguage\":\"en-US\"},{\"@type\":\"WebPage\",\"@id\":\"https:\/\/larchedesbambinous.fr\/index.php\/arche-des-bambinous\/fonctionnement\/#webpage\",\"url\":\"https:\/\/larchedesbambinous.fr\/index.php\/arche-des-bambinous\/fonctionnement\/\",\"name\":\"Fonctionnement - L&#039;Arche des Bambinous\",\"isPartOf\":{\"@id\":\"https:\/\/larchedesbambinous.fr\/#website\"},\"datePublished\":\"2018-02-13T00:51:09+00:00\",\"dateModified\":\"2018-07-04T15:02:10+00:00\",\"breadcrumb\":{\"@id\":\"https:\/\/larchedesbambinous.fr\/index.php\/arche-des-bambinous\/fonctionnement\/#breadcrumb\"},\"inLanguage\":\"en-US\",\"potentialAction\":[{\"@type\":\"ReadAction\",\"target\":[\"https:\/\/larchedesbambinous.fr\/index.php\/arche-des-bambinous\/fonctionnement\/\"]}]},{\"@type\":\"BreadcrumbList\",\"@id\":\"https:\/\/larchedesbambinous.fr\/index.php\/arche-des-bambinous\/fonctionnement\/#breadcrumb\",\"itemListElement\":[{\"@type\":\"ListItem\",\"position\":1,\"name\":\"Home\",\"item\":\"https:\/\/larchedesbambinous.fr\/\"},{\"@type\":\"ListItem\",\"position\":2,\"name\":\"L&#8217;Arche des Bambinous\",\"item\":\"https:\/\/larchedesbambinous.fr\/index.php\/arche-des-bambinous\/\"},{\"@type\":\"ListItem\",\"position\":3,\"name\":\"Fonctionnement\"}]}]}<\/script>\n<!-- \/ Yoast SEO plugin. -->","yoast_head_json":{"title":"Fonctionnement - L&#039;Arche des Bambinous","robots":{"index":"index","follow":"follow","max-snippet":"max-snippet:-1","max-image-preview":"max-image-preview:large","max-video-preview":"max-video-preview:-1"},"canonical":"https:\/\/larchedesbambinous.fr\/index.php\/arche-des-bambinous\/fonctionnement\/","og_locale":"en_US","og_type":"article","og_title":"Fonctionnement - L&#039;Arche des Bambinous","og_description":"Au quotidien L\u2019arriv\u00e9e le matin\u00a0: Lors de\u00a0l\u2019accueil du matin, une animatrice se rend disponible pour retranscrire les informations : s\u2019informer du sommeil, de l\u2019app\u00e9tit, de l\u2019humeur et de la sant\u00e9 de l\u2019enfant. Ceci permettant la prise en compte de chaque &hellip;","og_url":"https:\/\/larchedesbambinous.fr\/index.php\/arche-des-bambinous\/fonctionnement\/","og_site_name":"L&#039;Arche des Bambinous","article_publisher":"https:\/\/fr-fr.facebook.com\/pages\/biz\/97122\/Micro-cr%c3%a8che-LArche-des-Bambinous-170594110228766","article_modified_time":"2018-07-04T15:02:10+00:00","twitter_card":"summary_large_image","twitter_misc":{"Est. reading time":"3 minutes"},"schema":{"@context":"https:\/\/schema.org","@graph":[{"@type":"Organization","@id":"https:\/\/larchedesbambinous.fr\/#organization","name":"Micro-cr\u00e8che L'Arche des Bambinous","url":"https:\/\/larchedesbambinous.fr\/","sameAs":["https:\/\/fr-fr.facebook.com\/pages\/biz\/97122\/Micro-cr\u00e8che-LArche-des-Bambinous-170594110228766"],"logo":{"@type":"ImageObject","inLanguage":"en-US","@id":"https:\/\/larchedesbambinous.fr\/#\/schema\/logo\/image\/","url":"http:\/\/larchedesbambinous.fr\/wp-content\/uploads\/2018\/02\/Logo-site-micro-creche-pro.png","contentUrl":"http:\/\/larchedesbambinous.fr\/wp-content\/uploads\/2018\/02\/Logo-site-micro-creche-pro.png","width":160,"height":150,"caption":"Micro-cr\u00e8che L'Arche des Bambinous"},"image":{"@id":"https:\/\/larchedesbambinous.fr\/#\/schema\/logo\/image\/"}},{"@type":"WebSite","@id":"https:\/\/larchedesbambinous.fr\/#website","url":"https:\/\/larchedesbambinous.fr\/","name":"L'Arche des Bambinous","description":"Micro-cr\u00e8che \u00e0 Baie-Mahault , Guadeloupe","publisher":{"@id":"https:\/\/larchedesbambinous.fr\/#organization"},"potentialAction":[{"@type":"SearchAction","target":{"@type":"EntryPoint","urlTemplate":"https:\/\/larchedesbambinous.fr\/?s={search_term_string}"},"query-input":"required name=search_term_string"}],"inLanguage":"en-US"},{"@type":"WebPage","@id":"https:\/\/larchedesbambinous.fr\/index.php\/arche-des-bambinous\/fonctionnement\/#webpage","url":"https:\/\/larchedesbambinous.fr\/index.php\/arche-des-bambinous\/fonctionnement\/","name":"Fonctionnement - L&#039;Arche des Bambinous","isPartOf":{"@id":"https:\/\/larchedesbambinous.fr\/#website"},"datePublished":"2018-02-13T00:51:09+00:00","dateModified":"2018-07-04T15:02:10+00:00","breadcrumb":{"@id":"https:\/\/larchedesbambinous.fr\/index.php\/arche-des-bambinous\/fonctionnement\/#breadcrumb"},"inLanguage":"en-US","potentialAction":[{"@type":"ReadAction","target":["https:\/\/larchedesbambinous.fr\/index.php\/arche-des-bambinous\/fonctionnement\/"]}]},{"@type":"BreadcrumbList","@id":"https:\/\/larchedesbambinous.fr\/index.php\/arche-des-bambinous\/fonctionnement\/#breadcrumb","itemListElement":[{"@type":"ListItem","position":1,"name":"Home","item":"https:\/\/larchedesbambinous.fr\/"},{"@type":"ListItem","position":2,"name":"L&#8217;Arche des Bambinous","item":"https:\/\/larchedesbambinous.fr\/index.php\/arche-des-bambinous\/"},{"@type":"ListItem","position":3,"name":"Fonctionnement"}]}]}},"_links":{"self":[{"href":"https:\/\/larchedesbambinous.fr\/index.php\/wp-json\/wp\/v2\/pages\/29"}],"collection":[{"href":"https:\/\/larchedesbambinous.fr\/index.php\/wp-json\/wp\/v2\/pages"}],"about":[{"href":"https:\/\/larchedesbambinous.fr\/index.php\/wp-json\/wp\/v2\/types\/page"}],"author":[{"embeddable":true,"href":"https:\/\/larchedesbambinous.fr\/index.php\/wp-json\/wp\/v2\/users\/1"}],"replies":[{"embeddable":true,"href":"https:\/\/larchedesbambinous.fr\/index.php\/wp-json\/wp\/v2\/comments?post=29"}],"version-history":[{"count":4,"href":"https:\/\/larchedesbambinous.fr\/index.php\/wp-json\/wp\/v2\/pages\/29\/revisions"}],"predecessor-version":[{"id":212,"href":"https:\/\/larchedesbambinous.fr\/index.php\/wp-json\/wp\/v2\/pages\/29\/revisions\/212"}],"up":[{"embeddable":true,"href":"https:\/\/larchedesbambinous.fr\/index.php\/wp-json\/wp\/v2\/pages\/13"}],"wp:attachment":[{"href":"https:\/\/larchedesbambinous.fr\/index.php\/wp-json\/wp\/v2\/media?parent=29"}],"curies":[{"name":"wp","href":"https:\/\/api.w.org\/{rel}","templated":true}]}}