{"id":31,"date":"2018-02-13T01:51:37","date_gmt":"2018-02-13T00:51:37","guid":{"rendered":"http:\/\/larchedesbambinous.fr\/?page_id=31"},"modified":"2018-06-27T19:18:27","modified_gmt":"2018-06-27T17:18:27","slug":"notre-approche-pedagogique","status":"publish","type":"page","link":"https:\/\/larchedesbambinous.fr\/index.php\/arche-des-bambinous\/notre-approche-pedagogique\/","title":{"rendered":"Notre approche p\u00e9dagogique"},"content":{"rendered":"<p><em><strong>N&#8217;\u00e9tant pas officiellement labellis\u00e9s \u00ab\u00a0Montessori\u00a0\u00bb, notre p\u00e9dagogie s&#8217;inspire largement de cette approche.<\/strong><\/em><\/p>\n<p><span style=\"font-weight: 400;\">Nous avons tenu \u00e0 mettre en place <strong>un environnement favorisant l&#8217;autonomie et le bien-\u00eatre de l&#8217;enfant en fonction de son \u00e2ge<\/strong>. Notre espace activit\u00e9s est am\u00e9nag\u00e9 pour une motricit\u00e9 libre et \u00e9panouie, une place pour chaque chose et chaque chose \u00e0 sa place. Tous ces \u00e9l\u00e9ments concourent \u00e0 ce que le tout-petit se sente en s\u00e9curit\u00e9, dans un environnement \u00e0 la fois rassurant, a\u00e9r\u00e9 et structurant,<\/span><\/p>\n<p><span style=\"font-weight: 400;\"><strong>Nos animatrices ma\u00eetrisent parfaitement les diff\u00e9rents stades de d\u00e9veloppement de l&#8217;enfant et ses p\u00e9riodes sensibles<\/strong>, et savent adapter une attitude bienveillante et exemplaire par leur mise en retrait pour pousser les petits \u00e0 d\u00e9velopper leur plein potentiel tout en les observant en permanence pour s&#8217;adapter \u00e0 leurs difficult\u00e9s ou progr\u00e8s.<\/span><\/p>\n<p><span style=\"font-weight: 400;\">Chacun \u00e9tant <strong>libre d&#8217;\u00e9voluer selon son propre rythme, il n&#8217;y a pas de v\u00e9ritable section dans la micro-cr\u00e8che<\/strong>, Pour les plus jeunes (3 mois \u00e0 non-marchants) sont accueillis dans un espace con\u00e7u comme un cocon avec une aire de mouvement. Pour les plus grands, un espace libre est am\u00e9nag\u00e9 o\u00f9 est propos\u00e9 des <strong>activit\u00e9s visuelles<\/strong> (images), <strong>auditives<\/strong> (musique), <strong>de pr\u00e9hension<\/strong> (balles), <strong>de coordination \u0153il main<\/strong> (cf onglet activit\u00e9s manuelles). <\/span><\/p>\n<p style=\"text-align: center;\"><strong>Des ateliers sp\u00e9ciaux seront aussi propos\u00e9s comme l&#8217;\u00e9veil \u00e0 la lecture, l&#8217;initiation \u00e0 l&#8217;art, les exercices \u00e0 la vie pratique, l&#8217;\u00e9veil musical, la motricit\u00e9 gym.<\/strong><\/p>\n<p><span style=\"font-weight: 400;\">Tout au long de ce parcours \u00e0 la micro-cr\u00e8che, le m\u00e9lange des \u00e2ges vise \u00e0 favoriser la collaboration, l&#8217;\u00e9change, l&#8217;\u00e9mulation entre les plus jeunes et leurs a\u00een\u00e9s et fournir ainsi \u00e0 tous, les cl\u00e9s d&#8217;un comportement social harmonieux.<\/span><\/p>\n<p><span style=\"font-weight: 400;\">De m\u00eame, selon cette approche, nous n&#8217;avons pas voulu centrer les activit\u00e9s de l&#8217;enfant au sein de la micro-cr\u00e8che autour des f\u00eates de l&#8217;ann\u00e9e mais autour des saisons (printemps, \u00e9t\u00e9,hiver, automne) afin de d\u00e9velopper leur ouverture au monde. En effet, notre micro-cr\u00e8che \u00e9tant la\u00efque, nous tenons ainsi \u00e0 respecter les croyances et traditions des enfants et parents accueillis.<\/span><\/p>\n","protected":false},"excerpt":{"rendered":"<p>N&#8217;\u00e9tant pas officiellement labellis\u00e9s \u00ab\u00a0Montessori\u00a0\u00bb, notre p\u00e9dagogie s&#8217;inspire largement de cette approche. Nous avons tenu \u00e0 mettre en place un environnement favorisant l&#8217;autonomie et le bien-\u00eatre de l&#8217;enfant en fonction de son \u00e2ge. Notre espace activit\u00e9s est am\u00e9nag\u00e9 pour une &hellip; <\/p>\n","protected":false},"author":1,"featured_media":0,"parent":13,"menu_order":0,"comment_status":"closed","ping_status":"closed","template":"","meta":[],"yoast_head":"<!-- This site is optimized with the Yoast SEO plugin v19.1 - https:\/\/yoast.com\/wordpress\/plugins\/seo\/ -->\n<title>Notre approche p\u00e9dagogique - L&#039;Arche des Bambinous<\/title>\n<meta name=\"robots\" content=\"index, follow, max-snippet:-1, max-image-preview:large, max-video-preview:-1\" \/>\n<link rel=\"canonical\" href=\"https:\/\/larchedesbambinous.fr\/index.php\/arche-des-bambinous\/notre-approche-pedagogique\/\" \/>\n<meta property=\"og:locale\" content=\"en_US\" \/>\n<meta property=\"og:type\" content=\"article\" \/>\n<meta property=\"og:title\" content=\"Notre approche p\u00e9dagogique - L&#039;Arche des Bambinous\" \/>\n<meta property=\"og:description\" content=\"N&#8217;\u00e9tant pas officiellement labellis\u00e9s \u00ab\u00a0Montessori\u00a0\u00bb, notre p\u00e9dagogie s&#8217;inspire largement de cette approche. Nous avons tenu \u00e0 mettre en place un environnement favorisant l&#8217;autonomie et le bien-\u00eatre de l&#8217;enfant en fonction de son \u00e2ge. Notre espace activit\u00e9s est am\u00e9nag\u00e9 pour une &hellip;\" \/>\n<meta property=\"og:url\" content=\"https:\/\/larchedesbambinous.fr\/index.php\/arche-des-bambinous\/notre-approche-pedagogique\/\" \/>\n<meta property=\"og:site_name\" content=\"L&#039;Arche des Bambinous\" \/>\n<meta property=\"article:publisher\" content=\"https:\/\/fr-fr.facebook.com\/pages\/biz\/97122\/Micro-cr%c3%a8che-LArche-des-Bambinous-170594110228766\" \/>\n<meta property=\"article:modified_time\" content=\"2018-06-27T17:18:27+00:00\" \/>\n<meta name=\"twitter:card\" content=\"summary_large_image\" \/>\n<meta name=\"twitter:label1\" content=\"Est. reading time\" \/>\n\t<meta name=\"twitter:data1\" content=\"2 minutes\" \/>\n<script type=\"application\/ld+json\" class=\"yoast-schema-graph\">{\"@context\":\"https:\/\/schema.org\",\"@graph\":[{\"@type\":\"Organization\",\"@id\":\"https:\/\/larchedesbambinous.fr\/#organization\",\"name\":\"Micro-cr\u00e8che L'Arche des Bambinous\",\"url\":\"https:\/\/larchedesbambinous.fr\/\",\"sameAs\":[\"https:\/\/fr-fr.facebook.com\/pages\/biz\/97122\/Micro-cr\u00e8che-LArche-des-Bambinous-170594110228766\"],\"logo\":{\"@type\":\"ImageObject\",\"inLanguage\":\"en-US\",\"@id\":\"https:\/\/larchedesbambinous.fr\/#\/schema\/logo\/image\/\",\"url\":\"http:\/\/larchedesbambinous.fr\/wp-content\/uploads\/2018\/02\/Logo-site-micro-creche-pro.png\",\"contentUrl\":\"http:\/\/larchedesbambinous.fr\/wp-content\/uploads\/2018\/02\/Logo-site-micro-creche-pro.png\",\"width\":160,\"height\":150,\"caption\":\"Micro-cr\u00e8che L'Arche des Bambinous\"},\"image\":{\"@id\":\"https:\/\/larchedesbambinous.fr\/#\/schema\/logo\/image\/\"}},{\"@type\":\"WebSite\",\"@id\":\"https:\/\/larchedesbambinous.fr\/#website\",\"url\":\"https:\/\/larchedesbambinous.fr\/\",\"name\":\"L'Arche des Bambinous\",\"description\":\"Micro-cr\u00e8che \u00e0 Baie-Mahault , Guadeloupe\",\"publisher\":{\"@id\":\"https:\/\/larchedesbambinous.fr\/#organization\"},\"potentialAction\":[{\"@type\":\"SearchAction\",\"target\":{\"@type\":\"EntryPoint\",\"urlTemplate\":\"https:\/\/larchedesbambinous.fr\/?s={search_term_string}\"},\"query-input\":\"required name=search_term_string\"}],\"inLanguage\":\"en-US\"},{\"@type\":\"WebPage\",\"@id\":\"https:\/\/larchedesbambinous.fr\/index.php\/arche-des-bambinous\/notre-approche-pedagogique\/#webpage\",\"url\":\"https:\/\/larchedesbambinous.fr\/index.php\/arche-des-bambinous\/notre-approche-pedagogique\/\",\"name\":\"Notre approche p\u00e9dagogique - L&#039;Arche des Bambinous\",\"isPartOf\":{\"@id\":\"https:\/\/larchedesbambinous.fr\/#website\"},\"datePublished\":\"2018-02-13T00:51:37+00:00\",\"dateModified\":\"2018-06-27T17:18:27+00:00\",\"breadcrumb\":{\"@id\":\"https:\/\/larchedesbambinous.fr\/index.php\/arche-des-bambinous\/notre-approche-pedagogique\/#breadcrumb\"},\"inLanguage\":\"en-US\",\"potentialAction\":[{\"@type\":\"ReadAction\",\"target\":[\"https:\/\/larchedesbambinous.fr\/index.php\/arche-des-bambinous\/notre-approche-pedagogique\/\"]}]},{\"@type\":\"BreadcrumbList\",\"@id\":\"https:\/\/larchedesbambinous.fr\/index.php\/arche-des-bambinous\/notre-approche-pedagogique\/#breadcrumb\",\"itemListElement\":[{\"@type\":\"ListItem\",\"position\":1,\"name\":\"Home\",\"item\":\"https:\/\/larchedesbambinous.fr\/\"},{\"@type\":\"ListItem\",\"position\":2,\"name\":\"L&#8217;Arche des Bambinous\",\"item\":\"https:\/\/larchedesbambinous.fr\/index.php\/arche-des-bambinous\/\"},{\"@type\":\"ListItem\",\"position\":3,\"name\":\"Notre approche p\u00e9dagogique\"}]}]}<\/script>\n<!-- \/ Yoast SEO plugin. -->","yoast_head_json":{"title":"Notre approche p\u00e9dagogique - L&#039;Arche des Bambinous","robots":{"index":"index","follow":"follow","max-snippet":"max-snippet:-1","max-image-preview":"max-image-preview:large","max-video-preview":"max-video-preview:-1"},"canonical":"https:\/\/larchedesbambinous.fr\/index.php\/arche-des-bambinous\/notre-approche-pedagogique\/","og_locale":"en_US","og_type":"article","og_title":"Notre approche p\u00e9dagogique - L&#039;Arche des Bambinous","og_description":"N&#8217;\u00e9tant pas officiellement labellis\u00e9s \u00ab\u00a0Montessori\u00a0\u00bb, notre p\u00e9dagogie s&#8217;inspire largement de cette approche. Nous avons tenu \u00e0 mettre en place un environnement favorisant l&#8217;autonomie et le bien-\u00eatre de l&#8217;enfant en fonction de son \u00e2ge. Notre espace activit\u00e9s est am\u00e9nag\u00e9 pour une &hellip;","og_url":"https:\/\/larchedesbambinous.fr\/index.php\/arche-des-bambinous\/notre-approche-pedagogique\/","og_site_name":"L&#039;Arche des Bambinous","article_publisher":"https:\/\/fr-fr.facebook.com\/pages\/biz\/97122\/Micro-cr%c3%a8che-LArche-des-Bambinous-170594110228766","article_modified_time":"2018-06-27T17:18:27+00:00","twitter_card":"summary_large_image","twitter_misc":{"Est. reading time":"2 minutes"},"schema":{"@context":"https:\/\/schema.org","@graph":[{"@type":"Organization","@id":"https:\/\/larchedesbambinous.fr\/#organization","name":"Micro-cr\u00e8che L'Arche des Bambinous","url":"https:\/\/larchedesbambinous.fr\/","sameAs":["https:\/\/fr-fr.facebook.com\/pages\/biz\/97122\/Micro-cr\u00e8che-LArche-des-Bambinous-170594110228766"],"logo":{"@type":"ImageObject","inLanguage":"en-US","@id":"https:\/\/larchedesbambinous.fr\/#\/schema\/logo\/image\/","url":"http:\/\/larchedesbambinous.fr\/wp-content\/uploads\/2018\/02\/Logo-site-micro-creche-pro.png","contentUrl":"http:\/\/larchedesbambinous.fr\/wp-content\/uploads\/2018\/02\/Logo-site-micro-creche-pro.png","width":160,"height":150,"caption":"Micro-cr\u00e8che L'Arche des Bambinous"},"image":{"@id":"https:\/\/larchedesbambinous.fr\/#\/schema\/logo\/image\/"}},{"@type":"WebSite","@id":"https:\/\/larchedesbambinous.fr\/#website","url":"https:\/\/larchedesbambinous.fr\/","name":"L'Arche des Bambinous","description":"Micro-cr\u00e8che \u00e0 Baie-Mahault , Guadeloupe","publisher":{"@id":"https:\/\/larchedesbambinous.fr\/#organization"},"potentialAction":[{"@type":"SearchAction","target":{"@type":"EntryPoint","urlTemplate":"https:\/\/larchedesbambinous.fr\/?s={search_term_string}"},"query-input":"required name=search_term_string"}],"inLanguage":"en-US"},{"@type":"WebPage","@id":"https:\/\/larchedesbambinous.fr\/index.php\/arche-des-bambinous\/notre-approche-pedagogique\/#webpage","url":"https:\/\/larchedesbambinous.fr\/index.php\/arche-des-bambinous\/notre-approche-pedagogique\/","name":"Notre approche p\u00e9dagogique - L&#039;Arche des Bambinous","isPartOf":{"@id":"https:\/\/larchedesbambinous.fr\/#website"},"datePublished":"2018-02-13T00:51:37+00:00","dateModified":"2018-06-27T17:18:27+00:00","breadcrumb":{"@id":"https:\/\/larchedesbambinous.fr\/index.php\/arche-des-bambinous\/notre-approche-pedagogique\/#breadcrumb"},"inLanguage":"en-US","potentialAction":[{"@type":"ReadAction","target":["https:\/\/larchedesbambinous.fr\/index.php\/arche-des-bambinous\/notre-approche-pedagogique\/"]}]},{"@type":"BreadcrumbList","@id":"https:\/\/larchedesbambinous.fr\/index.php\/arche-des-bambinous\/notre-approche-pedagogique\/#breadcrumb","itemListElement":[{"@type":"ListItem","position":1,"name":"Home","item":"https:\/\/larchedesbambinous.fr\/"},{"@type":"ListItem","position":2,"name":"L&#8217;Arche des Bambinous","item":"https:\/\/larchedesbambinous.fr\/index.php\/arche-des-bambinous\/"},{"@type":"ListItem","position":3,"name":"Notre approche p\u00e9dagogique"}]}]}},"_links":{"self":[{"href":"https:\/\/larchedesbambinous.fr\/index.php\/wp-json\/wp\/v2\/pages\/31"}],"collection":[{"href":"https:\/\/larchedesbambinous.fr\/index.php\/wp-json\/wp\/v2\/pages"}],"about":[{"href":"https:\/\/larchedesbambinous.fr\/index.php\/wp-json\/wp\/v2\/types\/page"}],"author":[{"embeddable":true,"href":"https:\/\/larchedesbambinous.fr\/index.php\/wp-json\/wp\/v2\/users\/1"}],"replies":[{"embeddable":true,"href":"https:\/\/larchedesbambinous.fr\/index.php\/wp-json\/wp\/v2\/comments?post=31"}],"version-history":[{"count":4,"href":"https:\/\/larchedesbambinous.fr\/index.php\/wp-json\/wp\/v2\/pages\/31\/revisions"}],"predecessor-version":[{"id":155,"href":"https:\/\/larchedesbambinous.fr\/index.php\/wp-json\/wp\/v2\/pages\/31\/revisions\/155"}],"up":[{"embeddable":true,"href":"https:\/\/larchedesbambinous.fr\/index.php\/wp-json\/wp\/v2\/pages\/13"}],"wp:attachment":[{"href":"https:\/\/larchedesbambinous.fr\/index.php\/wp-json\/wp\/v2\/media?parent=31"}],"curies":[{"name":"wp","href":"https:\/\/api.w.org\/{rel}","templated":true}]}}