{"id":60,"date":"2018-02-14T15:05:45","date_gmt":"2018-02-14T14:05:45","guid":{"rendered":"http:\/\/larchedesbambinous.fr\/?page_id=60"},"modified":"2022-06-27T17:37:03","modified_gmt":"2022-06-27T15:37:03","slug":"bienvenue","status":"publish","type":"page","link":"https:\/\/larchedesbambinous.fr\/","title":{"rendered":"Bienvenue !"},"content":{"rendered":"<div style=\"text-align: center;\">\n<div>[smartslider3 slider=2]<\/div>\n<\/div>\n<h2 style=\"text-align: center;\"><strong><em><span style=\"vertical-align: inherit;\"><span style=\"vertical-align: inherit;\"><span style=\"vertical-align: inherit;\"><span style=\"vertical-align: inherit;\"><span style=\"vertical-align: inherit;\"><span style=\"vertical-align: inherit;\"><span style=\"vertical-align: inherit;\"><span style=\"vertical-align: inherit;\"><span style=\"vertical-align: inherit;\"><span style=\"vertical-align: inherit;\"><span style=\"vertical-align: inherit;\"><span style=\"vertical-align: inherit;\"><span style=\"vertical-align: inherit;\"><span style=\"vertical-align: inherit;\">Bienvenue!<\/span><\/span><\/span><\/span><\/span><\/span><\/span><\/span><\/span><\/span><\/span><\/span><\/span><\/span><\/em><\/strong><\/h2>\n<p><span style=\"vertical-align: inherit;\"><span style=\"vertical-align: inherit;\"><span style=\"vertical-align: inherit;\"><span style=\"vertical-align: inherit;\"><span style=\"vertical-align: inherit;\"><span style=\"vertical-align: inherit;\"><span style=\"vertical-align: inherit;\"><span style=\"vertical-align: inherit;\"><span style=\"vertical-align: inherit;\"><span style=\"vertical-align: inherit;\"><span style=\"vertical-align: inherit;\"><span style=\"vertical-align: inherit;\"><span style=\"vertical-align: inherit;\"><span style=\"vertical-align: inherit;\">La micro cr\u00e8che \u00abL&#8217;Arche des Bambinous\u00bb est un \u00e9tablissement priv\u00e9 g\u00e9r\u00e9 par la SAS Bouff\u00e9e Solid&#8217;air.<\/span><\/span><\/span><\/span><\/span><\/span><\/span><\/span><\/span><\/span><\/span><\/span><\/span><\/span><\/p>\n<p><span style=\"vertical-align: inherit;\"><span style=\"vertical-align: inherit;\"><span style=\"vertical-align: inherit;\"><span style=\"vertical-align: inherit;\"><span style=\"vertical-align: inherit;\"><span style=\"vertical-align: inherit;\"><span style=\"vertical-align: inherit;\"><span style=\"vertical-align: inherit;\"><span style=\"vertical-align: inherit;\"><span style=\"vertical-align: inherit;\"><span style=\"vertical-align: inherit;\"><span style=\"vertical-align: inherit;\"><span style=\"vertical-align: inherit;\"><span style=\"vertical-align: inherit;\">C&#8217;est un lieu d&#8217;accueil interm\u00e9diaire entre un accueil collectif en cr\u00e8che et un accueil chez une assistante maternelle, qui permet ainsi l&#8217;accueil \u00abpersonnalis\u00e9\u00bb des <\/span><\/span><\/span><\/span><\/span><\/span><\/span><\/span><\/span><\/span><\/span><\/span><\/span><\/span><strong><span style=\"vertical-align: inherit;\"><span style=\"vertical-align: inherit;\"><span style=\"vertical-align: inherit;\"><span style=\"vertical-align: inherit;\"><span style=\"vertical-align: inherit;\"><span style=\"vertical-align: inherit;\"><span style=\"vertical-align: inherit;\"><span style=\"vertical-align: inherit;\"><span style=\"vertical-align: inherit;\"><span style=\"vertical-align: inherit;\"><span style=\"vertical-align: inherit;\"><span style=\"vertical-align: inherit;\"><span style=\"vertical-align: inherit;\"><span style=\"vertical-align: inherit;\">enfants de 10 semaines \u00e0 6 ans.<\/span><\/span><\/span><\/span><\/span><\/span><\/span><\/span><\/span><\/span><\/span><\/span><\/span><\/span><\/strong><\/p>\n<p><span style=\"vertical-align: inherit;\"><span style=\"vertical-align: inherit;\"><span style=\"vertical-align: inherit;\"><span style=\"vertical-align: inherit;\"><span style=\"vertical-align: inherit;\"><span style=\"vertical-align: inherit;\"><span style=\"vertical-align: inherit;\"><span style=\"vertical-align: inherit;\"><span style=\"vertical-align: inherit;\"><span style=\"vertical-align: inherit;\"><span style=\"vertical-align: inherit;\"><span style=\"vertical-align: inherit;\"><span style=\"vertical-align: inherit;\"><span style=\"vertical-align: inherit;\">Cette structure d&#8217;accueil des professionnels de la Petite Enfance est \u00e9tablie pour le bien \u00eatre, le d\u00e9veloppement et l&#8217;\u00e9panouissement de votre enfant tout en r\u00e9pondant \u00e0 vos besoins en tant que parent.<\/span><\/span><\/span><\/span><\/span><\/span><\/span><\/span><\/span><\/span><\/span><\/span><\/span><\/span><\/p>\n<p><span style=\"vertical-align: inherit;\"><span style=\"vertical-align: inherit;\"><span style=\"vertical-align: inherit;\"><span style=\"vertical-align: inherit;\"><span style=\"vertical-align: inherit;\"><span style=\"vertical-align: inherit;\"><span style=\"vertical-align: inherit;\"><span style=\"vertical-align: inherit;\"><span style=\"vertical-align: inherit;\"><span style=\"vertical-align: inherit;\"><span style=\"vertical-align: inherit;\"><span style=\"vertical-align: inherit;\"><span style=\"vertical-align: inherit;\"><span style=\"vertical-align: inherit;\">Elle est situ\u00e9e \u00e0 la <\/span><\/span><\/span><\/span><\/span><\/span><\/span><\/span><\/span><\/span><\/span><\/span><\/span><\/span><strong><span style=\"vertical-align: inherit;\"><span style=\"vertical-align: inherit;\"><span style=\"vertical-align: inherit;\"><span style=\"vertical-align: inherit;\"><span style=\"vertical-align: inherit;\"><span style=\"vertical-align: inherit;\"><span style=\"vertical-align: inherit;\"><span style=\"vertical-align: inherit;\"><span style=\"vertical-align: inherit;\"><span style=\"vertical-align: inherit;\"><span style=\"vertical-align: inherit;\"><span style=\"vertical-align: inherit;\"><span style=\"vertical-align: inherit;\"><span style=\"vertical-align: inherit;\">R\u00e9sidence M\u00e9rosier Narbal, Appartement 64 b\u00e2timent D2 au rez de chauss\u00e9e \u00e0 Belcourt 97122 BAIE-MAHAULT.<\/span><\/span><\/span><\/span><\/span><\/span><\/span><\/span><\/span><\/span><\/span><\/span><\/span><\/span><\/strong><\/p>\n<h2 style=\"text-align: center;\"><span style=\"vertical-align: inherit;\"><span style=\"vertical-align: inherit;\"><span style=\"vertical-align: inherit;\"><span style=\"vertical-align: inherit;\"><span style=\"vertical-align: inherit;\"><span style=\"vertical-align: inherit;\"><span style=\"vertical-align: inherit;\"><span style=\"vertical-align: inherit;\"><span style=\"vertical-align: inherit;\"><span style=\"vertical-align: inherit;\"><span style=\"vertical-align: inherit;\"><span style=\"vertical-align: inherit;\"><span style=\"vertical-align: inherit;\"><span style=\"vertical-align: inherit;\">Horaires et fermeture!<\/span><\/span><\/span><\/span><\/span><\/span><\/span><\/span><\/span><\/span><\/span><\/span><\/span><\/span><\/h2>\n<blockquote>\n<p style=\"text-align: center;\"><strong><span style=\"vertical-align: inherit;\"><span style=\"vertical-align: inherit;\"><span style=\"vertical-align: inherit;\"><span style=\"vertical-align: inherit;\"><span style=\"vertical-align: inherit;\"><span style=\"vertical-align: inherit;\"><span style=\"vertical-align: inherit;\"><span style=\"vertical-align: inherit;\"><span style=\"vertical-align: inherit;\"><span style=\"vertical-align: inherit;\"><span style=\"vertical-align: inherit;\"><span style=\"vertical-align: inherit;\"><span style=\"vertical-align: inherit;\"><span style=\"vertical-align: inherit;\">La micro cr\u00e8che est ouverte de 7h00 \u00e0 18h00 du lundi au vendredi !!!<\/span><\/span><\/span><\/span><\/span><\/span><\/span><\/span><\/span><\/span><\/span><\/span><\/span><\/span><\/strong><\/p>\n<\/blockquote>\n<p><span style=\"vertical-align: inherit;\"><span style=\"vertical-align: inherit;\"><span style=\"vertical-align: inherit;\"><span style=\"vertical-align: inherit;\"><span style=\"vertical-align: inherit;\"><span style=\"vertical-align: inherit;\"><span style=\"vertical-align: inherit;\"><span style=\"vertical-align: inherit;\"><span style=\"vertical-align: inherit;\"><span style=\"vertical-align: inherit;\"><span style=\"vertical-align: inherit;\"><span style=\"vertical-align: inherit;\"><span style=\"vertical-align: inherit;\"><span style=\"vertical-align: inherit;\">La micro cr\u00e8che est ferm\u00e9e les 3 premi\u00e8res semaines du mois d&#8217;ao\u00fbt, une semaine \u00e0 la p\u00e9riode de No\u00ebl et une semaine \u00e0 P\u00e2ques.<\/span><\/span><\/span><\/span><\/span><\/span><\/span><\/span><\/span><\/span><\/span><\/span><\/span><\/span><\/p>\n<p><span style=\"vertical-align: inherit;\"><span style=\"vertical-align: inherit;\"><span style=\"vertical-align: inherit;\"><span style=\"vertical-align: inherit;\"><span style=\"vertical-align: inherit;\"><span style=\"vertical-align: inherit;\"><span style=\"vertical-align: inherit;\"><span style=\"vertical-align: inherit;\"><span style=\"vertical-align: inherit;\"><span style=\"vertical-align: inherit;\"><span style=\"vertical-align: inherit;\"><span style=\"vertical-align: inherit;\"><span style=\"vertical-align: inherit;\"><span style=\"vertical-align: inherit;\">Concernant les jours f\u00e9ri\u00e9s, les dates pr\u00e9cises de fermeture seront communiqu\u00e9es aux parents.<\/span><\/span><\/span><\/span><\/span><\/span><\/span><\/span><\/span><\/span><\/span><\/span><\/span><\/span><\/p>\n","protected":false},"excerpt":{"rendered":"<p>[smartslider3 slider=2] Bienvenue! La micro cr\u00e8che \u00abL&#8217;Arche des Bambinous\u00bb est un \u00e9tablissement priv\u00e9 g\u00e9r\u00e9 par la SAS Bouff\u00e9e Solid&#8217;air. C&#8217;est un lieu d&#8217;accueil interm\u00e9diaire entre un accueil collectif en cr\u00e8che et un accueil chez une assistante maternelle, qui permet ainsi &hellip; <\/p>\n","protected":false},"author":1,"featured_media":0,"parent":0,"menu_order":0,"comment_status":"closed","ping_status":"closed","template":"","meta":[],"yoast_head":"<!-- This site is optimized with the Yoast SEO plugin v19.1 - https:\/\/yoast.com\/wordpress\/plugins\/seo\/ -->\n<title>Bienvenue ! - L&#039;Arche des Bambinous<\/title>\n<meta name=\"robots\" content=\"index, follow, max-snippet:-1, max-image-preview:large, max-video-preview:-1\" \/>\n<link rel=\"canonical\" href=\"https:\/\/larchedesbambinous.fr\/\" \/>\n<meta property=\"og:locale\" content=\"en_US\" \/>\n<meta property=\"og:type\" content=\"article\" \/>\n<meta property=\"og:title\" content=\"Bienvenue ! - L&#039;Arche des Bambinous\" \/>\n<meta property=\"og:description\" content=\"[smartslider3 slider=2] Bienvenue! La micro cr\u00e8che \u00abL&#8217;Arche des Bambinous\u00bb est un \u00e9tablissement priv\u00e9 g\u00e9r\u00e9 par la SAS Bouff\u00e9e Solid&#8217;air. C&#8217;est un lieu d&#8217;accueil interm\u00e9diaire entre un accueil collectif en cr\u00e8che et un accueil chez une assistante maternelle, qui permet ainsi &hellip;\" \/>\n<meta property=\"og:url\" content=\"https:\/\/larchedesbambinous.fr\/\" \/>\n<meta property=\"og:site_name\" content=\"L&#039;Arche des Bambinous\" \/>\n<meta property=\"article:publisher\" content=\"https:\/\/fr-fr.facebook.com\/pages\/biz\/97122\/Micro-cr%c3%a8che-LArche-des-Bambinous-170594110228766\" \/>\n<meta property=\"article:modified_time\" content=\"2022-06-27T15:37:03+00:00\" \/>\n<meta name=\"twitter:card\" content=\"summary_large_image\" \/>\n<meta name=\"twitter:label1\" content=\"Est. reading time\" \/>\n\t<meta name=\"twitter:data1\" content=\"1 minute\" \/>\n<script type=\"application\/ld+json\" class=\"yoast-schema-graph\">{\"@context\":\"https:\/\/schema.org\",\"@graph\":[{\"@type\":\"Organization\",\"@id\":\"https:\/\/larchedesbambinous.fr\/#organization\",\"name\":\"Micro-cr\u00e8che L'Arche des Bambinous\",\"url\":\"https:\/\/larchedesbambinous.fr\/\",\"sameAs\":[\"https:\/\/fr-fr.facebook.com\/pages\/biz\/97122\/Micro-cr\u00e8che-LArche-des-Bambinous-170594110228766\"],\"logo\":{\"@type\":\"ImageObject\",\"inLanguage\":\"en-US\",\"@id\":\"https:\/\/larchedesbambinous.fr\/#\/schema\/logo\/image\/\",\"url\":\"http:\/\/larchedesbambinous.fr\/wp-content\/uploads\/2018\/02\/Logo-site-micro-creche-pro.png\",\"contentUrl\":\"http:\/\/larchedesbambinous.fr\/wp-content\/uploads\/2018\/02\/Logo-site-micro-creche-pro.png\",\"width\":160,\"height\":150,\"caption\":\"Micro-cr\u00e8che L'Arche des Bambinous\"},\"image\":{\"@id\":\"https:\/\/larchedesbambinous.fr\/#\/schema\/logo\/image\/\"}},{\"@type\":\"WebSite\",\"@id\":\"https:\/\/larchedesbambinous.fr\/#website\",\"url\":\"https:\/\/larchedesbambinous.fr\/\",\"name\":\"L'Arche des Bambinous\",\"description\":\"Micro-cr\u00e8che \u00e0 Baie-Mahault , Guadeloupe\",\"publisher\":{\"@id\":\"https:\/\/larchedesbambinous.fr\/#organization\"},\"potentialAction\":[{\"@type\":\"SearchAction\",\"target\":{\"@type\":\"EntryPoint\",\"urlTemplate\":\"https:\/\/larchedesbambinous.fr\/?s={search_term_string}\"},\"query-input\":\"required name=search_term_string\"}],\"inLanguage\":\"en-US\"},{\"@type\":\"WebPage\",\"@id\":\"https:\/\/larchedesbambinous.fr\/#webpage\",\"url\":\"https:\/\/larchedesbambinous.fr\/\",\"name\":\"Bienvenue ! - L&#039;Arche des Bambinous\",\"isPartOf\":{\"@id\":\"https:\/\/larchedesbambinous.fr\/#website\"},\"datePublished\":\"2018-02-14T14:05:45+00:00\",\"dateModified\":\"2022-06-27T15:37:03+00:00\",\"breadcrumb\":{\"@id\":\"https:\/\/larchedesbambinous.fr\/#breadcrumb\"},\"inLanguage\":\"en-US\",\"potentialAction\":[{\"@type\":\"ReadAction\",\"target\":[\"https:\/\/larchedesbambinous.fr\/\"]}]},{\"@type\":\"BreadcrumbList\",\"@id\":\"https:\/\/larchedesbambinous.fr\/#breadcrumb\",\"itemListElement\":[{\"@type\":\"ListItem\",\"position\":1,\"name\":\"Home\",\"item\":\"https:\/\/larchedesbambinous.fr\/\"},{\"@type\":\"ListItem\",\"position\":2,\"name\":\"Bienvenue !\"}]}]}<\/script>\n<!-- \/ Yoast SEO plugin. -->","yoast_head_json":{"title":"Bienvenue ! - L&#039;Arche des Bambinous","robots":{"index":"index","follow":"follow","max-snippet":"max-snippet:-1","max-image-preview":"max-image-preview:large","max-video-preview":"max-video-preview:-1"},"canonical":"https:\/\/larchedesbambinous.fr\/","og_locale":"en_US","og_type":"article","og_title":"Bienvenue ! - L&#039;Arche des Bambinous","og_description":"[smartslider3 slider=2] Bienvenue! La micro cr\u00e8che \u00abL&#8217;Arche des Bambinous\u00bb est un \u00e9tablissement priv\u00e9 g\u00e9r\u00e9 par la SAS Bouff\u00e9e Solid&#8217;air. C&#8217;est un lieu d&#8217;accueil interm\u00e9diaire entre un accueil collectif en cr\u00e8che et un accueil chez une assistante maternelle, qui permet ainsi &hellip;","og_url":"https:\/\/larchedesbambinous.fr\/","og_site_name":"L&#039;Arche des Bambinous","article_publisher":"https:\/\/fr-fr.facebook.com\/pages\/biz\/97122\/Micro-cr%c3%a8che-LArche-des-Bambinous-170594110228766","article_modified_time":"2022-06-27T15:37:03+00:00","twitter_card":"summary_large_image","twitter_misc":{"Est. reading time":"1 minute"},"schema":{"@context":"https:\/\/schema.org","@graph":[{"@type":"Organization","@id":"https:\/\/larchedesbambinous.fr\/#organization","name":"Micro-cr\u00e8che L'Arche des Bambinous","url":"https:\/\/larchedesbambinous.fr\/","sameAs":["https:\/\/fr-fr.facebook.com\/pages\/biz\/97122\/Micro-cr\u00e8che-LArche-des-Bambinous-170594110228766"],"logo":{"@type":"ImageObject","inLanguage":"en-US","@id":"https:\/\/larchedesbambinous.fr\/#\/schema\/logo\/image\/","url":"http:\/\/larchedesbambinous.fr\/wp-content\/uploads\/2018\/02\/Logo-site-micro-creche-pro.png","contentUrl":"http:\/\/larchedesbambinous.fr\/wp-content\/uploads\/2018\/02\/Logo-site-micro-creche-pro.png","width":160,"height":150,"caption":"Micro-cr\u00e8che L'Arche des Bambinous"},"image":{"@id":"https:\/\/larchedesbambinous.fr\/#\/schema\/logo\/image\/"}},{"@type":"WebSite","@id":"https:\/\/larchedesbambinous.fr\/#website","url":"https:\/\/larchedesbambinous.fr\/","name":"L'Arche des Bambinous","description":"Micro-cr\u00e8che \u00e0 Baie-Mahault , Guadeloupe","publisher":{"@id":"https:\/\/larchedesbambinous.fr\/#organization"},"potentialAction":[{"@type":"SearchAction","target":{"@type":"EntryPoint","urlTemplate":"https:\/\/larchedesbambinous.fr\/?s={search_term_string}"},"query-input":"required name=search_term_string"}],"inLanguage":"en-US"},{"@type":"WebPage","@id":"https:\/\/larchedesbambinous.fr\/#webpage","url":"https:\/\/larchedesbambinous.fr\/","name":"Bienvenue ! - L&#039;Arche des Bambinous","isPartOf":{"@id":"https:\/\/larchedesbambinous.fr\/#website"},"datePublished":"2018-02-14T14:05:45+00:00","dateModified":"2022-06-27T15:37:03+00:00","breadcrumb":{"@id":"https:\/\/larchedesbambinous.fr\/#breadcrumb"},"inLanguage":"en-US","potentialAction":[{"@type":"ReadAction","target":["https:\/\/larchedesbambinous.fr\/"]}]},{"@type":"BreadcrumbList","@id":"https:\/\/larchedesbambinous.fr\/#breadcrumb","itemListElement":[{"@type":"ListItem","position":1,"name":"Home","item":"https:\/\/larchedesbambinous.fr\/"},{"@type":"ListItem","position":2,"name":"Bienvenue !"}]}]}},"_links":{"self":[{"href":"https:\/\/larchedesbambinous.fr\/index.php\/wp-json\/wp\/v2\/pages\/60"}],"collection":[{"href":"https:\/\/larchedesbambinous.fr\/index.php\/wp-json\/wp\/v2\/pages"}],"about":[{"href":"https:\/\/larchedesbambinous.fr\/index.php\/wp-json\/wp\/v2\/types\/page"}],"author":[{"embeddable":true,"href":"https:\/\/larchedesbambinous.fr\/index.php\/wp-json\/wp\/v2\/users\/1"}],"replies":[{"embeddable":true,"href":"https:\/\/larchedesbambinous.fr\/index.php\/wp-json\/wp\/v2\/comments?post=60"}],"version-history":[{"count":20,"href":"https:\/\/larchedesbambinous.fr\/index.php\/wp-json\/wp\/v2\/pages\/60\/revisions"}],"predecessor-version":[{"id":310,"href":"https:\/\/larchedesbambinous.fr\/index.php\/wp-json\/wp\/v2\/pages\/60\/revisions\/310"}],"wp:attachment":[{"href":"https:\/\/larchedesbambinous.fr\/index.php\/wp-json\/wp\/v2\/media?parent=60"}],"curies":[{"name":"wp","href":"https:\/\/api.w.org\/{rel}","templated":true}]}}