{"id":85,"date":"2018-02-14T20:21:19","date_gmt":"2018-02-14T19:21:19","guid":{"rendered":"http:\/\/larchedesbambinous.fr\/?page_id=85"},"modified":"2018-06-27T19:27:01","modified_gmt":"2018-06-27T17:27:01","slug":"eveil-a-la-lecture","status":"publish","type":"page","link":"https:\/\/larchedesbambinous.fr\/index.php\/eveil-a-la-lecture\/","title":{"rendered":"Eveil \u00e0 la lecture"},"content":{"rendered":"<blockquote><p><span style=\"font-weight: 400;\"><em>Moment d&#8217;\u00e9coute, de r\u00eaverie, d&#8217;apprentissage et de partage<\/em>, l&#8217;\u00e9veil \u00e0 la lecture s&#8217;adresse \u00e0 tous les enfants de la micro-cr\u00e8che, <strong>quel que soit leur \u00e2ge<\/strong>. <\/span><\/p><\/blockquote>\n<p><span style=\"font-weight: 400;\">C&#8217;est un <strong>moment riche pour l&#8217;enfant<\/strong> car il aborde la lecture, la musique, la d\u00e9couverte de son corps (chants mim\u00e9s), <strong>l&#8217;acquisition du langage, la m\u00e9moire<\/strong> (apprentissage d&#8217;histoires) et <strong>il d\u00e9veloppe sa capacit\u00e9 d&#8217;\u00e9coute et de concentration<\/strong>.<\/span><\/p>\n","protected":false},"excerpt":{"rendered":"<p>Moment d&#8217;\u00e9coute, de r\u00eaverie, d&#8217;apprentissage et de partage, l&#8217;\u00e9veil \u00e0 la lecture s&#8217;adresse \u00e0 tous les enfants de la micro-cr\u00e8che, quel que soit leur \u00e2ge. C&#8217;est un moment riche pour l&#8217;enfant car il aborde la lecture, la musique, la d\u00e9couverte &hellip; <\/p>\n","protected":false},"author":1,"featured_media":0,"parent":0,"menu_order":0,"comment_status":"closed","ping_status":"closed","template":"","meta":[],"yoast_head":"<!-- This site is optimized with the Yoast SEO plugin v19.1 - https:\/\/yoast.com\/wordpress\/plugins\/seo\/ -->\n<title>Eveil \u00e0 la lecture - L&#039;Arche des Bambinous<\/title>\n<meta name=\"robots\" content=\"index, follow, max-snippet:-1, max-image-preview:large, max-video-preview:-1\" \/>\n<link rel=\"canonical\" href=\"https:\/\/larchedesbambinous.fr\/index.php\/eveil-a-la-lecture\/\" \/>\n<meta property=\"og:locale\" content=\"en_US\" \/>\n<meta property=\"og:type\" content=\"article\" \/>\n<meta property=\"og:title\" content=\"Eveil \u00e0 la lecture - L&#039;Arche des Bambinous\" \/>\n<meta property=\"og:description\" content=\"Moment d&#8217;\u00e9coute, de r\u00eaverie, d&#8217;apprentissage et de partage, l&#8217;\u00e9veil \u00e0 la lecture s&#8217;adresse \u00e0 tous les enfants de la micro-cr\u00e8che, quel que soit leur \u00e2ge. C&#8217;est un moment riche pour l&#8217;enfant car il aborde la lecture, la musique, la d\u00e9couverte &hellip;\" \/>\n<meta property=\"og:url\" content=\"https:\/\/larchedesbambinous.fr\/index.php\/eveil-a-la-lecture\/\" \/>\n<meta property=\"og:site_name\" content=\"L&#039;Arche des Bambinous\" \/>\n<meta property=\"article:publisher\" content=\"https:\/\/fr-fr.facebook.com\/pages\/biz\/97122\/Micro-cr%c3%a8che-LArche-des-Bambinous-170594110228766\" \/>\n<meta property=\"article:modified_time\" content=\"2018-06-27T17:27:01+00:00\" \/>\n<meta name=\"twitter:card\" content=\"summary_large_image\" \/>\n<script type=\"application\/ld+json\" class=\"yoast-schema-graph\">{\"@context\":\"https:\/\/schema.org\",\"@graph\":[{\"@type\":\"Organization\",\"@id\":\"https:\/\/larchedesbambinous.fr\/#organization\",\"name\":\"Micro-cr\u00e8che L'Arche des Bambinous\",\"url\":\"https:\/\/larchedesbambinous.fr\/\",\"sameAs\":[\"https:\/\/fr-fr.facebook.com\/pages\/biz\/97122\/Micro-cr\u00e8che-LArche-des-Bambinous-170594110228766\"],\"logo\":{\"@type\":\"ImageObject\",\"inLanguage\":\"en-US\",\"@id\":\"https:\/\/larchedesbambinous.fr\/#\/schema\/logo\/image\/\",\"url\":\"http:\/\/larchedesbambinous.fr\/wp-content\/uploads\/2018\/02\/Logo-site-micro-creche-pro.png\",\"contentUrl\":\"http:\/\/larchedesbambinous.fr\/wp-content\/uploads\/2018\/02\/Logo-site-micro-creche-pro.png\",\"width\":160,\"height\":150,\"caption\":\"Micro-cr\u00e8che L'Arche des Bambinous\"},\"image\":{\"@id\":\"https:\/\/larchedesbambinous.fr\/#\/schema\/logo\/image\/\"}},{\"@type\":\"WebSite\",\"@id\":\"https:\/\/larchedesbambinous.fr\/#website\",\"url\":\"https:\/\/larchedesbambinous.fr\/\",\"name\":\"L'Arche des Bambinous\",\"description\":\"Micro-cr\u00e8che \u00e0 Baie-Mahault , Guadeloupe\",\"publisher\":{\"@id\":\"https:\/\/larchedesbambinous.fr\/#organization\"},\"potentialAction\":[{\"@type\":\"SearchAction\",\"target\":{\"@type\":\"EntryPoint\",\"urlTemplate\":\"https:\/\/larchedesbambinous.fr\/?s={search_term_string}\"},\"query-input\":\"required name=search_term_string\"}],\"inLanguage\":\"en-US\"},{\"@type\":\"WebPage\",\"@id\":\"https:\/\/larchedesbambinous.fr\/index.php\/eveil-a-la-lecture\/#webpage\",\"url\":\"https:\/\/larchedesbambinous.fr\/index.php\/eveil-a-la-lecture\/\",\"name\":\"Eveil \u00e0 la lecture - L&#039;Arche des Bambinous\",\"isPartOf\":{\"@id\":\"https:\/\/larchedesbambinous.fr\/#website\"},\"datePublished\":\"2018-02-14T19:21:19+00:00\",\"dateModified\":\"2018-06-27T17:27:01+00:00\",\"breadcrumb\":{\"@id\":\"https:\/\/larchedesbambinous.fr\/index.php\/eveil-a-la-lecture\/#breadcrumb\"},\"inLanguage\":\"en-US\",\"potentialAction\":[{\"@type\":\"ReadAction\",\"target\":[\"https:\/\/larchedesbambinous.fr\/index.php\/eveil-a-la-lecture\/\"]}]},{\"@type\":\"BreadcrumbList\",\"@id\":\"https:\/\/larchedesbambinous.fr\/index.php\/eveil-a-la-lecture\/#breadcrumb\",\"itemListElement\":[{\"@type\":\"ListItem\",\"position\":1,\"name\":\"Home\",\"item\":\"https:\/\/larchedesbambinous.fr\/\"},{\"@type\":\"ListItem\",\"position\":2,\"name\":\"Eveil \u00e0 la lecture\"}]}]}<\/script>\n<!-- \/ Yoast SEO plugin. -->","yoast_head_json":{"title":"Eveil \u00e0 la lecture - L&#039;Arche des Bambinous","robots":{"index":"index","follow":"follow","max-snippet":"max-snippet:-1","max-image-preview":"max-image-preview:large","max-video-preview":"max-video-preview:-1"},"canonical":"https:\/\/larchedesbambinous.fr\/index.php\/eveil-a-la-lecture\/","og_locale":"en_US","og_type":"article","og_title":"Eveil \u00e0 la lecture - L&#039;Arche des Bambinous","og_description":"Moment d&#8217;\u00e9coute, de r\u00eaverie, d&#8217;apprentissage et de partage, l&#8217;\u00e9veil \u00e0 la lecture s&#8217;adresse \u00e0 tous les enfants de la micro-cr\u00e8che, quel que soit leur \u00e2ge. C&#8217;est un moment riche pour l&#8217;enfant car il aborde la lecture, la musique, la d\u00e9couverte &hellip;","og_url":"https:\/\/larchedesbambinous.fr\/index.php\/eveil-a-la-lecture\/","og_site_name":"L&#039;Arche des Bambinous","article_publisher":"https:\/\/fr-fr.facebook.com\/pages\/biz\/97122\/Micro-cr%c3%a8che-LArche-des-Bambinous-170594110228766","article_modified_time":"2018-06-27T17:27:01+00:00","twitter_card":"summary_large_image","schema":{"@context":"https:\/\/schema.org","@graph":[{"@type":"Organization","@id":"https:\/\/larchedesbambinous.fr\/#organization","name":"Micro-cr\u00e8che L'Arche des Bambinous","url":"https:\/\/larchedesbambinous.fr\/","sameAs":["https:\/\/fr-fr.facebook.com\/pages\/biz\/97122\/Micro-cr\u00e8che-LArche-des-Bambinous-170594110228766"],"logo":{"@type":"ImageObject","inLanguage":"en-US","@id":"https:\/\/larchedesbambinous.fr\/#\/schema\/logo\/image\/","url":"http:\/\/larchedesbambinous.fr\/wp-content\/uploads\/2018\/02\/Logo-site-micro-creche-pro.png","contentUrl":"http:\/\/larchedesbambinous.fr\/wp-content\/uploads\/2018\/02\/Logo-site-micro-creche-pro.png","width":160,"height":150,"caption":"Micro-cr\u00e8che L'Arche des Bambinous"},"image":{"@id":"https:\/\/larchedesbambinous.fr\/#\/schema\/logo\/image\/"}},{"@type":"WebSite","@id":"https:\/\/larchedesbambinous.fr\/#website","url":"https:\/\/larchedesbambinous.fr\/","name":"L'Arche des Bambinous","description":"Micro-cr\u00e8che \u00e0 Baie-Mahault , Guadeloupe","publisher":{"@id":"https:\/\/larchedesbambinous.fr\/#organization"},"potentialAction":[{"@type":"SearchAction","target":{"@type":"EntryPoint","urlTemplate":"https:\/\/larchedesbambinous.fr\/?s={search_term_string}"},"query-input":"required name=search_term_string"}],"inLanguage":"en-US"},{"@type":"WebPage","@id":"https:\/\/larchedesbambinous.fr\/index.php\/eveil-a-la-lecture\/#webpage","url":"https:\/\/larchedesbambinous.fr\/index.php\/eveil-a-la-lecture\/","name":"Eveil \u00e0 la lecture - L&#039;Arche des Bambinous","isPartOf":{"@id":"https:\/\/larchedesbambinous.fr\/#website"},"datePublished":"2018-02-14T19:21:19+00:00","dateModified":"2018-06-27T17:27:01+00:00","breadcrumb":{"@id":"https:\/\/larchedesbambinous.fr\/index.php\/eveil-a-la-lecture\/#breadcrumb"},"inLanguage":"en-US","potentialAction":[{"@type":"ReadAction","target":["https:\/\/larchedesbambinous.fr\/index.php\/eveil-a-la-lecture\/"]}]},{"@type":"BreadcrumbList","@id":"https:\/\/larchedesbambinous.fr\/index.php\/eveil-a-la-lecture\/#breadcrumb","itemListElement":[{"@type":"ListItem","position":1,"name":"Home","item":"https:\/\/larchedesbambinous.fr\/"},{"@type":"ListItem","position":2,"name":"Eveil \u00e0 la lecture"}]}]}},"_links":{"self":[{"href":"https:\/\/larchedesbambinous.fr\/index.php\/wp-json\/wp\/v2\/pages\/85"}],"collection":[{"href":"https:\/\/larchedesbambinous.fr\/index.php\/wp-json\/wp\/v2\/pages"}],"about":[{"href":"https:\/\/larchedesbambinous.fr\/index.php\/wp-json\/wp\/v2\/types\/page"}],"author":[{"embeddable":true,"href":"https:\/\/larchedesbambinous.fr\/index.php\/wp-json\/wp\/v2\/users\/1"}],"replies":[{"embeddable":true,"href":"https:\/\/larchedesbambinous.fr\/index.php\/wp-json\/wp\/v2\/comments?post=85"}],"version-history":[{"count":3,"href":"https:\/\/larchedesbambinous.fr\/index.php\/wp-json\/wp\/v2\/pages\/85\/revisions"}],"predecessor-version":[{"id":159,"href":"https:\/\/larchedesbambinous.fr\/index.php\/wp-json\/wp\/v2\/pages\/85\/revisions\/159"}],"wp:attachment":[{"href":"https:\/\/larchedesbambinous.fr\/index.php\/wp-json\/wp\/v2\/media?parent=85"}],"curies":[{"name":"wp","href":"https:\/\/api.w.org\/{rel}","templated":true}]}}