{"id":87,"date":"2018-02-14T20:21:37","date_gmt":"2018-02-14T19:21:37","guid":{"rendered":"http:\/\/larchedesbambinous.fr\/?page_id=87"},"modified":"2019-08-22T17:46:51","modified_gmt":"2019-08-22T15:46:51","slug":"eveil-musical","status":"publish","type":"page","link":"https:\/\/larchedesbambinous.fr\/index.php\/eveil-musical\/","title":{"rendered":"Eveil musical"},"content":{"rendered":"<blockquote>\n<p style=\"text-align: center;\"><em><span style=\"font-weight: 400;\">L&#8217;\u00e9veil musical en micro-cr\u00e8che favorise le d\u00e9veloppement et l&#8217;\u00e9panouissement de l&#8217;enfant. <\/span><\/em><\/p>\n<\/blockquote>\n<p><span style=\"font-weight: 400;\">Une de nos animatrices, ayant une formation musicale, animera les ateliers d&#8217;\u00e9veil musical afin d&#8217;initier les enfants \u00e0 la musique.<\/span><\/p>\n<p><strong>Chanter, parler, \u00e9couter une musique douce, jouer d&#8217;un instrument, danser, autant d&#8217;activit\u00e9s afin de les faire d\u00e9couvrir l&#8217;univers musical.<\/strong><\/p>\n<p><img decoding=\"async\" loading=\"lazy\" class=\" wp-image-249 aligncenter\" src=\"http:\/\/larchedesbambinous.fr\/wp-content\/uploads\/2019\/08\/Musaique-eveil-musical-300x169.jpg\" alt=\"\" width=\"497\" height=\"280\" srcset=\"https:\/\/larchedesbambinous.fr\/wp-content\/uploads\/2019\/08\/Musaique-eveil-musical-300x169.jpg 300w, https:\/\/larchedesbambinous.fr\/wp-content\/uploads\/2019\/08\/Musaique-eveil-musical-768x432.jpg 768w, https:\/\/larchedesbambinous.fr\/wp-content\/uploads\/2019\/08\/Musaique-eveil-musical-1024x576.jpg 1024w, https:\/\/larchedesbambinous.fr\/wp-content\/uploads\/2019\/08\/Musaique-eveil-musical.jpg 2048w\" sizes=\"(max-width: 497px) 100vw, 497px\" \/><\/p>\n","protected":false},"excerpt":{"rendered":"<p>L&#8217;\u00e9veil musical en micro-cr\u00e8che favorise le d\u00e9veloppement et l&#8217;\u00e9panouissement de l&#8217;enfant. Une de nos animatrices, ayant une formation musicale, animera les ateliers d&#8217;\u00e9veil musical afin d&#8217;initier les enfants \u00e0 la musique. Chanter, parler, \u00e9couter une musique douce, jouer d&#8217;un instrument, &hellip; <\/p>\n","protected":false},"author":1,"featured_media":0,"parent":0,"menu_order":0,"comment_status":"closed","ping_status":"closed","template":"","meta":[],"yoast_head":"<!-- This site is optimized with the Yoast SEO plugin v19.1 - https:\/\/yoast.com\/wordpress\/plugins\/seo\/ -->\n<title>Eveil musical - L&#039;Arche des Bambinous<\/title>\n<meta name=\"robots\" content=\"index, follow, max-snippet:-1, max-image-preview:large, max-video-preview:-1\" \/>\n<link rel=\"canonical\" href=\"https:\/\/larchedesbambinous.fr\/index.php\/eveil-musical\/\" \/>\n<meta property=\"og:locale\" content=\"en_US\" \/>\n<meta property=\"og:type\" content=\"article\" \/>\n<meta property=\"og:title\" content=\"Eveil musical - L&#039;Arche des Bambinous\" \/>\n<meta property=\"og:description\" content=\"L&#8217;\u00e9veil musical en micro-cr\u00e8che favorise le d\u00e9veloppement et l&#8217;\u00e9panouissement de l&#8217;enfant. Une de nos animatrices, ayant une formation musicale, animera les ateliers d&#8217;\u00e9veil musical afin d&#8217;initier les enfants \u00e0 la musique. Chanter, parler, \u00e9couter une musique douce, jouer d&#8217;un instrument, &hellip;\" \/>\n<meta property=\"og:url\" content=\"https:\/\/larchedesbambinous.fr\/index.php\/eveil-musical\/\" \/>\n<meta property=\"og:site_name\" content=\"L&#039;Arche des Bambinous\" \/>\n<meta property=\"article:publisher\" content=\"https:\/\/fr-fr.facebook.com\/pages\/biz\/97122\/Micro-cr%c3%a8che-LArche-des-Bambinous-170594110228766\" \/>\n<meta property=\"article:modified_time\" content=\"2019-08-22T15:46:51+00:00\" \/>\n<meta property=\"og:image\" content=\"http:\/\/larchedesbambinous.fr\/wp-content\/uploads\/2019\/08\/Musaique-eveil-musical-300x169.jpg\" \/>\n<meta name=\"twitter:card\" content=\"summary_large_image\" \/>\n<script type=\"application\/ld+json\" class=\"yoast-schema-graph\">{\"@context\":\"https:\/\/schema.org\",\"@graph\":[{\"@type\":\"Organization\",\"@id\":\"https:\/\/larchedesbambinous.fr\/#organization\",\"name\":\"Micro-cr\u00e8che L'Arche des Bambinous\",\"url\":\"https:\/\/larchedesbambinous.fr\/\",\"sameAs\":[\"https:\/\/fr-fr.facebook.com\/pages\/biz\/97122\/Micro-cr\u00e8che-LArche-des-Bambinous-170594110228766\"],\"logo\":{\"@type\":\"ImageObject\",\"inLanguage\":\"en-US\",\"@id\":\"https:\/\/larchedesbambinous.fr\/#\/schema\/logo\/image\/\",\"url\":\"http:\/\/larchedesbambinous.fr\/wp-content\/uploads\/2018\/02\/Logo-site-micro-creche-pro.png\",\"contentUrl\":\"http:\/\/larchedesbambinous.fr\/wp-content\/uploads\/2018\/02\/Logo-site-micro-creche-pro.png\",\"width\":160,\"height\":150,\"caption\":\"Micro-cr\u00e8che L'Arche des Bambinous\"},\"image\":{\"@id\":\"https:\/\/larchedesbambinous.fr\/#\/schema\/logo\/image\/\"}},{\"@type\":\"WebSite\",\"@id\":\"https:\/\/larchedesbambinous.fr\/#website\",\"url\":\"https:\/\/larchedesbambinous.fr\/\",\"name\":\"L'Arche des Bambinous\",\"description\":\"Micro-cr\u00e8che \u00e0 Baie-Mahault , Guadeloupe\",\"publisher\":{\"@id\":\"https:\/\/larchedesbambinous.fr\/#organization\"},\"potentialAction\":[{\"@type\":\"SearchAction\",\"target\":{\"@type\":\"EntryPoint\",\"urlTemplate\":\"https:\/\/larchedesbambinous.fr\/?s={search_term_string}\"},\"query-input\":\"required name=search_term_string\"}],\"inLanguage\":\"en-US\"},{\"@type\":\"ImageObject\",\"inLanguage\":\"en-US\",\"@id\":\"https:\/\/larchedesbambinous.fr\/index.php\/eveil-musical\/#primaryimage\",\"url\":\"https:\/\/larchedesbambinous.fr\/wp-content\/uploads\/2019\/08\/Musaique-eveil-musical.jpg\",\"contentUrl\":\"https:\/\/larchedesbambinous.fr\/wp-content\/uploads\/2019\/08\/Musaique-eveil-musical.jpg\",\"width\":2048,\"height\":1152},{\"@type\":\"WebPage\",\"@id\":\"https:\/\/larchedesbambinous.fr\/index.php\/eveil-musical\/#webpage\",\"url\":\"https:\/\/larchedesbambinous.fr\/index.php\/eveil-musical\/\",\"name\":\"Eveil musical - L&#039;Arche des Bambinous\",\"isPartOf\":{\"@id\":\"https:\/\/larchedesbambinous.fr\/#website\"},\"primaryImageOfPage\":{\"@id\":\"https:\/\/larchedesbambinous.fr\/index.php\/eveil-musical\/#primaryimage\"},\"datePublished\":\"2018-02-14T19:21:37+00:00\",\"dateModified\":\"2019-08-22T15:46:51+00:00\",\"breadcrumb\":{\"@id\":\"https:\/\/larchedesbambinous.fr\/index.php\/eveil-musical\/#breadcrumb\"},\"inLanguage\":\"en-US\",\"potentialAction\":[{\"@type\":\"ReadAction\",\"target\":[\"https:\/\/larchedesbambinous.fr\/index.php\/eveil-musical\/\"]}]},{\"@type\":\"BreadcrumbList\",\"@id\":\"https:\/\/larchedesbambinous.fr\/index.php\/eveil-musical\/#breadcrumb\",\"itemListElement\":[{\"@type\":\"ListItem\",\"position\":1,\"name\":\"Home\",\"item\":\"https:\/\/larchedesbambinous.fr\/\"},{\"@type\":\"ListItem\",\"position\":2,\"name\":\"Eveil musical\"}]}]}<\/script>\n<!-- \/ Yoast SEO plugin. -->","yoast_head_json":{"title":"Eveil musical - L&#039;Arche des Bambinous","robots":{"index":"index","follow":"follow","max-snippet":"max-snippet:-1","max-image-preview":"max-image-preview:large","max-video-preview":"max-video-preview:-1"},"canonical":"https:\/\/larchedesbambinous.fr\/index.php\/eveil-musical\/","og_locale":"en_US","og_type":"article","og_title":"Eveil musical - L&#039;Arche des Bambinous","og_description":"L&#8217;\u00e9veil musical en micro-cr\u00e8che favorise le d\u00e9veloppement et l&#8217;\u00e9panouissement de l&#8217;enfant. Une de nos animatrices, ayant une formation musicale, animera les ateliers d&#8217;\u00e9veil musical afin d&#8217;initier les enfants \u00e0 la musique. Chanter, parler, \u00e9couter une musique douce, jouer d&#8217;un instrument, &hellip;","og_url":"https:\/\/larchedesbambinous.fr\/index.php\/eveil-musical\/","og_site_name":"L&#039;Arche des Bambinous","article_publisher":"https:\/\/fr-fr.facebook.com\/pages\/biz\/97122\/Micro-cr%c3%a8che-LArche-des-Bambinous-170594110228766","article_modified_time":"2019-08-22T15:46:51+00:00","og_image":[{"url":"http:\/\/larchedesbambinous.fr\/wp-content\/uploads\/2019\/08\/Musaique-eveil-musical-300x169.jpg"}],"twitter_card":"summary_large_image","schema":{"@context":"https:\/\/schema.org","@graph":[{"@type":"Organization","@id":"https:\/\/larchedesbambinous.fr\/#organization","name":"Micro-cr\u00e8che L'Arche des Bambinous","url":"https:\/\/larchedesbambinous.fr\/","sameAs":["https:\/\/fr-fr.facebook.com\/pages\/biz\/97122\/Micro-cr\u00e8che-LArche-des-Bambinous-170594110228766"],"logo":{"@type":"ImageObject","inLanguage":"en-US","@id":"https:\/\/larchedesbambinous.fr\/#\/schema\/logo\/image\/","url":"http:\/\/larchedesbambinous.fr\/wp-content\/uploads\/2018\/02\/Logo-site-micro-creche-pro.png","contentUrl":"http:\/\/larchedesbambinous.fr\/wp-content\/uploads\/2018\/02\/Logo-site-micro-creche-pro.png","width":160,"height":150,"caption":"Micro-cr\u00e8che L'Arche des Bambinous"},"image":{"@id":"https:\/\/larchedesbambinous.fr\/#\/schema\/logo\/image\/"}},{"@type":"WebSite","@id":"https:\/\/larchedesbambinous.fr\/#website","url":"https:\/\/larchedesbambinous.fr\/","name":"L'Arche des Bambinous","description":"Micro-cr\u00e8che \u00e0 Baie-Mahault , Guadeloupe","publisher":{"@id":"https:\/\/larchedesbambinous.fr\/#organization"},"potentialAction":[{"@type":"SearchAction","target":{"@type":"EntryPoint","urlTemplate":"https:\/\/larchedesbambinous.fr\/?s={search_term_string}"},"query-input":"required name=search_term_string"}],"inLanguage":"en-US"},{"@type":"ImageObject","inLanguage":"en-US","@id":"https:\/\/larchedesbambinous.fr\/index.php\/eveil-musical\/#primaryimage","url":"https:\/\/larchedesbambinous.fr\/wp-content\/uploads\/2019\/08\/Musaique-eveil-musical.jpg","contentUrl":"https:\/\/larchedesbambinous.fr\/wp-content\/uploads\/2019\/08\/Musaique-eveil-musical.jpg","width":2048,"height":1152},{"@type":"WebPage","@id":"https:\/\/larchedesbambinous.fr\/index.php\/eveil-musical\/#webpage","url":"https:\/\/larchedesbambinous.fr\/index.php\/eveil-musical\/","name":"Eveil musical - L&#039;Arche des Bambinous","isPartOf":{"@id":"https:\/\/larchedesbambinous.fr\/#website"},"primaryImageOfPage":{"@id":"https:\/\/larchedesbambinous.fr\/index.php\/eveil-musical\/#primaryimage"},"datePublished":"2018-02-14T19:21:37+00:00","dateModified":"2019-08-22T15:46:51+00:00","breadcrumb":{"@id":"https:\/\/larchedesbambinous.fr\/index.php\/eveil-musical\/#breadcrumb"},"inLanguage":"en-US","potentialAction":[{"@type":"ReadAction","target":["https:\/\/larchedesbambinous.fr\/index.php\/eveil-musical\/"]}]},{"@type":"BreadcrumbList","@id":"https:\/\/larchedesbambinous.fr\/index.php\/eveil-musical\/#breadcrumb","itemListElement":[{"@type":"ListItem","position":1,"name":"Home","item":"https:\/\/larchedesbambinous.fr\/"},{"@type":"ListItem","position":2,"name":"Eveil musical"}]}]}},"_links":{"self":[{"href":"https:\/\/larchedesbambinous.fr\/index.php\/wp-json\/wp\/v2\/pages\/87"}],"collection":[{"href":"https:\/\/larchedesbambinous.fr\/index.php\/wp-json\/wp\/v2\/pages"}],"about":[{"href":"https:\/\/larchedesbambinous.fr\/index.php\/wp-json\/wp\/v2\/types\/page"}],"author":[{"embeddable":true,"href":"https:\/\/larchedesbambinous.fr\/index.php\/wp-json\/wp\/v2\/users\/1"}],"replies":[{"embeddable":true,"href":"https:\/\/larchedesbambinous.fr\/index.php\/wp-json\/wp\/v2\/comments?post=87"}],"version-history":[{"count":3,"href":"https:\/\/larchedesbambinous.fr\/index.php\/wp-json\/wp\/v2\/pages\/87\/revisions"}],"predecessor-version":[{"id":257,"href":"https:\/\/larchedesbambinous.fr\/index.php\/wp-json\/wp\/v2\/pages\/87\/revisions\/257"}],"wp:attachment":[{"href":"https:\/\/larchedesbambinous.fr\/index.php\/wp-json\/wp\/v2\/media?parent=87"}],"curies":[{"name":"wp","href":"https:\/\/api.w.org\/{rel}","templated":true}]}}