{"id":89,"date":"2018-02-14T20:22:03","date_gmt":"2018-02-14T19:22:03","guid":{"rendered":"http:\/\/larchedesbambinous.fr\/?page_id=89"},"modified":"2018-11-22T13:41:30","modified_gmt":"2018-11-22T12:41:30","slug":"motricite-gym","status":"publish","type":"page","link":"https:\/\/larchedesbambinous.fr\/index.php\/motricite-gym\/","title":{"rendered":"Motricit\u00e9 &#8211; Gym"},"content":{"rendered":"<div><\/div>\n<blockquote>\n<p style=\"text-align: center;\"><strong>A travers l&#8217;apprentissage de la motricit\u00e9, les enfants se plongent dans la d\u00e9couverte de leur corps.<\/strong><\/p>\n<\/blockquote>\n<p>&nbsp;<\/p>\n<p><span style=\"font-weight: 400;\">Un <strong>espace motricit\u00e9 a sp\u00e9cialement \u00e9t\u00e9 am\u00e9nag\u00e9<\/strong> au sein de la micro-cr\u00e8che. Ce parcours compos\u00e9 de plusieurs mousses a \u00e9t\u00e9 pens\u00e9 pour favoriser le d\u00e9veloppement moteur de votre enfant et son aptitude \u00e0 la construction de blocs et leur agilit\u00e9.<\/span><\/p>\n<p><span style=\"font-weight: 400;\"><br \/>\n<img decoding=\"async\" loading=\"lazy\" class=\"aligncenter wp-image-192 size-full\" style=\"background-color: transparent; color: #333333; display: block; font-family: Georgia,&amp;quot; times new roman&amp;quot;,&amp;quot;bitstream charter&amp;quot;,times,serif; font-size: 16px; font-style: normal; font-variant: normal; font-weight: 400; height: 307.77px; letter-spacing: normal; margin-left: 0px; margin-right: 0px; max-width: 738.67px; orphans: 2; outline-color: #72777c; outline-style: solid; outline-width: 1px; text-align: left; text-decoration: none; text-indent: 0px; text-transform: none; -webkit-text-stroke-width: 0px; white-space: normal; word-spacing: 0px;\" src=\"http:\/\/larchedesbambinous.fr\/wp-content\/uploads\/slider2\/bloggif_5b3bf37f4ed0a.jpeg\" alt=\"\" width=\"1200\" height=\"500\" srcset=\"https:\/\/larchedesbambinous.fr\/wp-content\/uploads\/slider2\/bloggif_5b3bf37f4ed0a.jpeg 1200w, https:\/\/larchedesbambinous.fr\/wp-content\/uploads\/slider2\/bloggif_5b3bf37f4ed0a-300x125.jpeg 300w, https:\/\/larchedesbambinous.fr\/wp-content\/uploads\/slider2\/bloggif_5b3bf37f4ed0a-768x320.jpeg 768w, https:\/\/larchedesbambinous.fr\/wp-content\/uploads\/slider2\/bloggif_5b3bf37f4ed0a-1024x427.jpeg 1024w, https:\/\/larchedesbambinous.fr\/wp-content\/uploads\/slider2\/bloggif_5b3bf37f4ed0a-1140x475.jpeg 1140w\" sizes=\"(max-width: 1200px) 100vw, 1200px\" \/><br \/>\n<\/span><\/p>\n<p><span style=\"font-weight: 400;\">Des activit\u00e9s d&#8217;\u00e9quilibre et de locomotion sont propos\u00e9es telles que les balles, rampes, marches, plateformes pour grimper, bouger, <b>certaines seront anim\u00e9es par un animateur sportif pour enfants.<\/b><\/span><\/p>\n<p style=\"text-align: center;\"><span style=\"font-weight: 400;\"><span style=\"display: inline !important; float: none; background-color: transparent; color: #333333; font-family: Georgia,'Times New Roman','Bitstream Charter',Times,serif; font-size: 16px; font-style: normal; font-variant: normal; font-weight: 400; letter-spacing: normal; orphans: 2; text-align: center; text-decoration: none; text-indent: 0px; text-transform: none; -webkit-text-stroke-width: 0px; white-space: normal; word-spacing: 0px;\">[smartslider3 slider=3]<\/span><\/span><\/p>\n","protected":false},"excerpt":{"rendered":"<p>A travers l&#8217;apprentissage de la motricit\u00e9, les enfants se plongent dans la d\u00e9couverte de leur corps. &nbsp; Un espace motricit\u00e9 a sp\u00e9cialement \u00e9t\u00e9 am\u00e9nag\u00e9 au sein de la micro-cr\u00e8che. Ce parcours compos\u00e9 de plusieurs mousses a \u00e9t\u00e9 pens\u00e9 pour favoriser &hellip; <\/p>\n","protected":false},"author":1,"featured_media":0,"parent":0,"menu_order":0,"comment_status":"closed","ping_status":"closed","template":"","meta":[],"yoast_head":"<!-- This site is optimized with the Yoast SEO plugin v19.1 - https:\/\/yoast.com\/wordpress\/plugins\/seo\/ -->\n<title>Motricit\u00e9 - Gym - L&#039;Arche des Bambinous<\/title>\n<meta name=\"robots\" content=\"index, follow, max-snippet:-1, max-image-preview:large, max-video-preview:-1\" \/>\n<link rel=\"canonical\" href=\"https:\/\/larchedesbambinous.fr\/index.php\/motricite-gym\/\" \/>\n<meta property=\"og:locale\" content=\"en_US\" \/>\n<meta property=\"og:type\" content=\"article\" \/>\n<meta property=\"og:title\" content=\"Motricit\u00e9 - Gym - L&#039;Arche des Bambinous\" \/>\n<meta property=\"og:description\" content=\"A travers l&#8217;apprentissage de la motricit\u00e9, les enfants se plongent dans la d\u00e9couverte de leur corps. &nbsp; Un espace motricit\u00e9 a sp\u00e9cialement \u00e9t\u00e9 am\u00e9nag\u00e9 au sein de la micro-cr\u00e8che. Ce parcours compos\u00e9 de plusieurs mousses a \u00e9t\u00e9 pens\u00e9 pour favoriser &hellip;\" \/>\n<meta property=\"og:url\" content=\"https:\/\/larchedesbambinous.fr\/index.php\/motricite-gym\/\" \/>\n<meta property=\"og:site_name\" content=\"L&#039;Arche des Bambinous\" \/>\n<meta property=\"article:publisher\" content=\"https:\/\/fr-fr.facebook.com\/pages\/biz\/97122\/Micro-cr%c3%a8che-LArche-des-Bambinous-170594110228766\" \/>\n<meta property=\"article:modified_time\" content=\"2018-11-22T12:41:30+00:00\" \/>\n<meta property=\"og:image\" content=\"http:\/\/larchedesbambinous.fr\/wp-content\/uploads\/slider2\/bloggif_5b3bf37f4ed0a.jpeg\" \/>\n<meta name=\"twitter:card\" content=\"summary_large_image\" \/>\n<script type=\"application\/ld+json\" class=\"yoast-schema-graph\">{\"@context\":\"https:\/\/schema.org\",\"@graph\":[{\"@type\":\"Organization\",\"@id\":\"https:\/\/larchedesbambinous.fr\/#organization\",\"name\":\"Micro-cr\u00e8che L'Arche des Bambinous\",\"url\":\"https:\/\/larchedesbambinous.fr\/\",\"sameAs\":[\"https:\/\/fr-fr.facebook.com\/pages\/biz\/97122\/Micro-cr\u00e8che-LArche-des-Bambinous-170594110228766\"],\"logo\":{\"@type\":\"ImageObject\",\"inLanguage\":\"en-US\",\"@id\":\"https:\/\/larchedesbambinous.fr\/#\/schema\/logo\/image\/\",\"url\":\"http:\/\/larchedesbambinous.fr\/wp-content\/uploads\/2018\/02\/Logo-site-micro-creche-pro.png\",\"contentUrl\":\"http:\/\/larchedesbambinous.fr\/wp-content\/uploads\/2018\/02\/Logo-site-micro-creche-pro.png\",\"width\":160,\"height\":150,\"caption\":\"Micro-cr\u00e8che L'Arche des Bambinous\"},\"image\":{\"@id\":\"https:\/\/larchedesbambinous.fr\/#\/schema\/logo\/image\/\"}},{\"@type\":\"WebSite\",\"@id\":\"https:\/\/larchedesbambinous.fr\/#website\",\"url\":\"https:\/\/larchedesbambinous.fr\/\",\"name\":\"L'Arche des Bambinous\",\"description\":\"Micro-cr\u00e8che \u00e0 Baie-Mahault , Guadeloupe\",\"publisher\":{\"@id\":\"https:\/\/larchedesbambinous.fr\/#organization\"},\"potentialAction\":[{\"@type\":\"SearchAction\",\"target\":{\"@type\":\"EntryPoint\",\"urlTemplate\":\"https:\/\/larchedesbambinous.fr\/?s={search_term_string}\"},\"query-input\":\"required name=search_term_string\"}],\"inLanguage\":\"en-US\"},{\"@type\":\"ImageObject\",\"inLanguage\":\"en-US\",\"@id\":\"https:\/\/larchedesbambinous.fr\/index.php\/motricite-gym\/#primaryimage\",\"url\":\"https:\/\/larchedesbambinous.fr\/wp-content\/uploads\/slider2\/bloggif_5b3bf37f4ed0a.jpeg\",\"contentUrl\":\"https:\/\/larchedesbambinous.fr\/wp-content\/uploads\/slider2\/bloggif_5b3bf37f4ed0a.jpeg\",\"width\":1200,\"height\":500},{\"@type\":\"WebPage\",\"@id\":\"https:\/\/larchedesbambinous.fr\/index.php\/motricite-gym\/#webpage\",\"url\":\"https:\/\/larchedesbambinous.fr\/index.php\/motricite-gym\/\",\"name\":\"Motricit\u00e9 - Gym - L&#039;Arche des Bambinous\",\"isPartOf\":{\"@id\":\"https:\/\/larchedesbambinous.fr\/#website\"},\"primaryImageOfPage\":{\"@id\":\"https:\/\/larchedesbambinous.fr\/index.php\/motricite-gym\/#primaryimage\"},\"datePublished\":\"2018-02-14T19:22:03+00:00\",\"dateModified\":\"2018-11-22T12:41:30+00:00\",\"breadcrumb\":{\"@id\":\"https:\/\/larchedesbambinous.fr\/index.php\/motricite-gym\/#breadcrumb\"},\"inLanguage\":\"en-US\",\"potentialAction\":[{\"@type\":\"ReadAction\",\"target\":[\"https:\/\/larchedesbambinous.fr\/index.php\/motricite-gym\/\"]}]},{\"@type\":\"BreadcrumbList\",\"@id\":\"https:\/\/larchedesbambinous.fr\/index.php\/motricite-gym\/#breadcrumb\",\"itemListElement\":[{\"@type\":\"ListItem\",\"position\":1,\"name\":\"Home\",\"item\":\"https:\/\/larchedesbambinous.fr\/\"},{\"@type\":\"ListItem\",\"position\":2,\"name\":\"Motricit\u00e9 &#8211; Gym\"}]}]}<\/script>\n<!-- \/ Yoast SEO plugin. -->","yoast_head_json":{"title":"Motricit\u00e9 - Gym - L&#039;Arche des Bambinous","robots":{"index":"index","follow":"follow","max-snippet":"max-snippet:-1","max-image-preview":"max-image-preview:large","max-video-preview":"max-video-preview:-1"},"canonical":"https:\/\/larchedesbambinous.fr\/index.php\/motricite-gym\/","og_locale":"en_US","og_type":"article","og_title":"Motricit\u00e9 - Gym - L&#039;Arche des Bambinous","og_description":"A travers l&#8217;apprentissage de la motricit\u00e9, les enfants se plongent dans la d\u00e9couverte de leur corps. &nbsp; Un espace motricit\u00e9 a sp\u00e9cialement \u00e9t\u00e9 am\u00e9nag\u00e9 au sein de la micro-cr\u00e8che. Ce parcours compos\u00e9 de plusieurs mousses a \u00e9t\u00e9 pens\u00e9 pour favoriser &hellip;","og_url":"https:\/\/larchedesbambinous.fr\/index.php\/motricite-gym\/","og_site_name":"L&#039;Arche des Bambinous","article_publisher":"https:\/\/fr-fr.facebook.com\/pages\/biz\/97122\/Micro-cr%c3%a8che-LArche-des-Bambinous-170594110228766","article_modified_time":"2018-11-22T12:41:30+00:00","og_image":[{"url":"http:\/\/larchedesbambinous.fr\/wp-content\/uploads\/slider2\/bloggif_5b3bf37f4ed0a.jpeg"}],"twitter_card":"summary_large_image","schema":{"@context":"https:\/\/schema.org","@graph":[{"@type":"Organization","@id":"https:\/\/larchedesbambinous.fr\/#organization","name":"Micro-cr\u00e8che L'Arche des Bambinous","url":"https:\/\/larchedesbambinous.fr\/","sameAs":["https:\/\/fr-fr.facebook.com\/pages\/biz\/97122\/Micro-cr\u00e8che-LArche-des-Bambinous-170594110228766"],"logo":{"@type":"ImageObject","inLanguage":"en-US","@id":"https:\/\/larchedesbambinous.fr\/#\/schema\/logo\/image\/","url":"http:\/\/larchedesbambinous.fr\/wp-content\/uploads\/2018\/02\/Logo-site-micro-creche-pro.png","contentUrl":"http:\/\/larchedesbambinous.fr\/wp-content\/uploads\/2018\/02\/Logo-site-micro-creche-pro.png","width":160,"height":150,"caption":"Micro-cr\u00e8che L'Arche des Bambinous"},"image":{"@id":"https:\/\/larchedesbambinous.fr\/#\/schema\/logo\/image\/"}},{"@type":"WebSite","@id":"https:\/\/larchedesbambinous.fr\/#website","url":"https:\/\/larchedesbambinous.fr\/","name":"L'Arche des Bambinous","description":"Micro-cr\u00e8che \u00e0 Baie-Mahault , Guadeloupe","publisher":{"@id":"https:\/\/larchedesbambinous.fr\/#organization"},"potentialAction":[{"@type":"SearchAction","target":{"@type":"EntryPoint","urlTemplate":"https:\/\/larchedesbambinous.fr\/?s={search_term_string}"},"query-input":"required name=search_term_string"}],"inLanguage":"en-US"},{"@type":"ImageObject","inLanguage":"en-US","@id":"https:\/\/larchedesbambinous.fr\/index.php\/motricite-gym\/#primaryimage","url":"https:\/\/larchedesbambinous.fr\/wp-content\/uploads\/slider2\/bloggif_5b3bf37f4ed0a.jpeg","contentUrl":"https:\/\/larchedesbambinous.fr\/wp-content\/uploads\/slider2\/bloggif_5b3bf37f4ed0a.jpeg","width":1200,"height":500},{"@type":"WebPage","@id":"https:\/\/larchedesbambinous.fr\/index.php\/motricite-gym\/#webpage","url":"https:\/\/larchedesbambinous.fr\/index.php\/motricite-gym\/","name":"Motricit\u00e9 - Gym - L&#039;Arche des Bambinous","isPartOf":{"@id":"https:\/\/larchedesbambinous.fr\/#website"},"primaryImageOfPage":{"@id":"https:\/\/larchedesbambinous.fr\/index.php\/motricite-gym\/#primaryimage"},"datePublished":"2018-02-14T19:22:03+00:00","dateModified":"2018-11-22T12:41:30+00:00","breadcrumb":{"@id":"https:\/\/larchedesbambinous.fr\/index.php\/motricite-gym\/#breadcrumb"},"inLanguage":"en-US","potentialAction":[{"@type":"ReadAction","target":["https:\/\/larchedesbambinous.fr\/index.php\/motricite-gym\/"]}]},{"@type":"BreadcrumbList","@id":"https:\/\/larchedesbambinous.fr\/index.php\/motricite-gym\/#breadcrumb","itemListElement":[{"@type":"ListItem","position":1,"name":"Home","item":"https:\/\/larchedesbambinous.fr\/"},{"@type":"ListItem","position":2,"name":"Motricit\u00e9 &#8211; Gym"}]}]}},"_links":{"self":[{"href":"https:\/\/larchedesbambinous.fr\/index.php\/wp-json\/wp\/v2\/pages\/89"}],"collection":[{"href":"https:\/\/larchedesbambinous.fr\/index.php\/wp-json\/wp\/v2\/pages"}],"about":[{"href":"https:\/\/larchedesbambinous.fr\/index.php\/wp-json\/wp\/v2\/types\/page"}],"author":[{"embeddable":true,"href":"https:\/\/larchedesbambinous.fr\/index.php\/wp-json\/wp\/v2\/users\/1"}],"replies":[{"embeddable":true,"href":"https:\/\/larchedesbambinous.fr\/index.php\/wp-json\/wp\/v2\/comments?post=89"}],"version-history":[{"count":6,"href":"https:\/\/larchedesbambinous.fr\/index.php\/wp-json\/wp\/v2\/pages\/89\/revisions"}],"predecessor-version":[{"id":227,"href":"https:\/\/larchedesbambinous.fr\/index.php\/wp-json\/wp\/v2\/pages\/89\/revisions\/227"}],"wp:attachment":[{"href":"https:\/\/larchedesbambinous.fr\/index.php\/wp-json\/wp\/v2\/media?parent=89"}],"curies":[{"name":"wp","href":"https:\/\/api.w.org\/{rel}","templated":true}]}}