{"id":91,"date":"2018-02-14T20:22:40","date_gmt":"2018-02-14T19:22:40","guid":{"rendered":"http:\/\/larchedesbambinous.fr\/?page_id=91"},"modified":"2018-11-22T13:49:10","modified_gmt":"2018-11-22T12:49:10","slug":"activites-manuelles","status":"publish","type":"page","link":"https:\/\/larchedesbambinous.fr\/index.php\/activites-manuelles\/","title":{"rendered":"Activit\u00e9s manuelles"},"content":{"rendered":"<h3 style=\"text-align: center;\"><span style=\"font-weight: 400;\">Plusieurs types d&#8217;activit\u00e9s manuelles seront propos\u00e9s aux enfants accueillis \u00e0 la micro-cr\u00e8che:<\/span><\/h3>\n<p>&nbsp;<\/p>\n<ul>\n<li style=\"font-weight: 400;\"><span style=\"font-weight: 400;\"><strong>Ateliers de coordination \u0153il main\u00a0:<\/strong> bo\u00eetes avec balle, solides g\u00e9om\u00e9triques&#8230;<\/span><\/li>\n<\/ul>\n<p>&nbsp;<\/p>\n<ul>\n<li style=\"font-weight: 400;\"><span style=\"font-weight: 400;\"><strong>Ateliers de coordination oculomotrice\u00a0:<\/strong> bo\u00eetes \u00e0 fentes et jetons, puzzles, tiges sur anneaux, effilement de perles-collage-d\u00e9coupage (pour les plus de 3 ans)&#8230;<\/span><\/li>\n<\/ul>\n<p>&nbsp;<\/p>\n<ul>\n<li style=\"font-weight: 400;\"><span style=\"font-weight: 400;\"><strong>Exercices \u00e0 la vie pratique et imitation\u00a0:<\/strong> s&#8217;habiller, se laver les mains, se coiffer, s&#8217;essuyer le nez, \u00e9tendre le linge, nettoyer une vitre, passer le balai, ramasser les feuilles, d\u00e9rouler un tapis, dresser la table&#8230;<\/span><\/li>\n<\/ul>\n<p>&nbsp;<\/p>\n<ul>\n<li style=\"font-weight: 400;\"><span style=\"font-weight: 400;\"><strong>Initiation \u00e0 l&#8217;art\u00a0:<\/strong> gribouiller, peinture&#8230;<\/span><\/li>\n<\/ul>\n<div style=\"text-align: center;\">[smartslider3 slider=4]<\/div>\n","protected":false},"excerpt":{"rendered":"<p>Plusieurs types d&#8217;activit\u00e9s manuelles seront propos\u00e9s aux enfants accueillis \u00e0 la micro-cr\u00e8che: &nbsp; Ateliers de coordination \u0153il main\u00a0: bo\u00eetes avec balle, solides g\u00e9om\u00e9triques&#8230; &nbsp; Ateliers de coordination oculomotrice\u00a0: bo\u00eetes \u00e0 fentes et jetons, puzzles, tiges sur anneaux, effilement de perles-collage-d\u00e9coupage &hellip; <\/p>\n","protected":false},"author":1,"featured_media":0,"parent":0,"menu_order":0,"comment_status":"closed","ping_status":"closed","template":"","meta":[],"yoast_head":"<!-- This site is optimized with the Yoast SEO plugin v19.1 - https:\/\/yoast.com\/wordpress\/plugins\/seo\/ -->\n<title>Activit\u00e9s manuelles - L&#039;Arche des Bambinous<\/title>\n<meta name=\"robots\" content=\"index, follow, max-snippet:-1, max-image-preview:large, max-video-preview:-1\" \/>\n<link rel=\"canonical\" href=\"https:\/\/larchedesbambinous.fr\/index.php\/activites-manuelles\/\" \/>\n<meta property=\"og:locale\" content=\"en_US\" \/>\n<meta property=\"og:type\" content=\"article\" \/>\n<meta property=\"og:title\" content=\"Activit\u00e9s manuelles - L&#039;Arche des Bambinous\" \/>\n<meta property=\"og:description\" content=\"Plusieurs types d&#8217;activit\u00e9s manuelles seront propos\u00e9s aux enfants accueillis \u00e0 la micro-cr\u00e8che: &nbsp; Ateliers de coordination \u0153il main\u00a0: bo\u00eetes avec balle, solides g\u00e9om\u00e9triques&#8230; &nbsp; Ateliers de coordination oculomotrice\u00a0: bo\u00eetes \u00e0 fentes et jetons, puzzles, tiges sur anneaux, effilement de perles-collage-d\u00e9coupage &hellip;\" \/>\n<meta property=\"og:url\" content=\"https:\/\/larchedesbambinous.fr\/index.php\/activites-manuelles\/\" \/>\n<meta property=\"og:site_name\" content=\"L&#039;Arche des Bambinous\" \/>\n<meta property=\"article:publisher\" content=\"https:\/\/fr-fr.facebook.com\/pages\/biz\/97122\/Micro-cr%c3%a8che-LArche-des-Bambinous-170594110228766\" \/>\n<meta property=\"article:modified_time\" content=\"2018-11-22T12:49:10+00:00\" \/>\n<meta name=\"twitter:card\" content=\"summary_large_image\" \/>\n<script type=\"application\/ld+json\" class=\"yoast-schema-graph\">{\"@context\":\"https:\/\/schema.org\",\"@graph\":[{\"@type\":\"Organization\",\"@id\":\"https:\/\/larchedesbambinous.fr\/#organization\",\"name\":\"Micro-cr\u00e8che L'Arche des Bambinous\",\"url\":\"https:\/\/larchedesbambinous.fr\/\",\"sameAs\":[\"https:\/\/fr-fr.facebook.com\/pages\/biz\/97122\/Micro-cr\u00e8che-LArche-des-Bambinous-170594110228766\"],\"logo\":{\"@type\":\"ImageObject\",\"inLanguage\":\"en-US\",\"@id\":\"https:\/\/larchedesbambinous.fr\/#\/schema\/logo\/image\/\",\"url\":\"http:\/\/larchedesbambinous.fr\/wp-content\/uploads\/2018\/02\/Logo-site-micro-creche-pro.png\",\"contentUrl\":\"http:\/\/larchedesbambinous.fr\/wp-content\/uploads\/2018\/02\/Logo-site-micro-creche-pro.png\",\"width\":160,\"height\":150,\"caption\":\"Micro-cr\u00e8che L'Arche des Bambinous\"},\"image\":{\"@id\":\"https:\/\/larchedesbambinous.fr\/#\/schema\/logo\/image\/\"}},{\"@type\":\"WebSite\",\"@id\":\"https:\/\/larchedesbambinous.fr\/#website\",\"url\":\"https:\/\/larchedesbambinous.fr\/\",\"name\":\"L'Arche des Bambinous\",\"description\":\"Micro-cr\u00e8che \u00e0 Baie-Mahault , Guadeloupe\",\"publisher\":{\"@id\":\"https:\/\/larchedesbambinous.fr\/#organization\"},\"potentialAction\":[{\"@type\":\"SearchAction\",\"target\":{\"@type\":\"EntryPoint\",\"urlTemplate\":\"https:\/\/larchedesbambinous.fr\/?s={search_term_string}\"},\"query-input\":\"required name=search_term_string\"}],\"inLanguage\":\"en-US\"},{\"@type\":\"WebPage\",\"@id\":\"https:\/\/larchedesbambinous.fr\/index.php\/activites-manuelles\/#webpage\",\"url\":\"https:\/\/larchedesbambinous.fr\/index.php\/activites-manuelles\/\",\"name\":\"Activit\u00e9s manuelles - L&#039;Arche des Bambinous\",\"isPartOf\":{\"@id\":\"https:\/\/larchedesbambinous.fr\/#website\"},\"datePublished\":\"2018-02-14T19:22:40+00:00\",\"dateModified\":\"2018-11-22T12:49:10+00:00\",\"breadcrumb\":{\"@id\":\"https:\/\/larchedesbambinous.fr\/index.php\/activites-manuelles\/#breadcrumb\"},\"inLanguage\":\"en-US\",\"potentialAction\":[{\"@type\":\"ReadAction\",\"target\":[\"https:\/\/larchedesbambinous.fr\/index.php\/activites-manuelles\/\"]}]},{\"@type\":\"BreadcrumbList\",\"@id\":\"https:\/\/larchedesbambinous.fr\/index.php\/activites-manuelles\/#breadcrumb\",\"itemListElement\":[{\"@type\":\"ListItem\",\"position\":1,\"name\":\"Home\",\"item\":\"https:\/\/larchedesbambinous.fr\/\"},{\"@type\":\"ListItem\",\"position\":2,\"name\":\"Activit\u00e9s manuelles\"}]}]}<\/script>\n<!-- \/ Yoast SEO plugin. -->","yoast_head_json":{"title":"Activit\u00e9s manuelles - L&#039;Arche des Bambinous","robots":{"index":"index","follow":"follow","max-snippet":"max-snippet:-1","max-image-preview":"max-image-preview:large","max-video-preview":"max-video-preview:-1"},"canonical":"https:\/\/larchedesbambinous.fr\/index.php\/activites-manuelles\/","og_locale":"en_US","og_type":"article","og_title":"Activit\u00e9s manuelles - L&#039;Arche des Bambinous","og_description":"Plusieurs types d&#8217;activit\u00e9s manuelles seront propos\u00e9s aux enfants accueillis \u00e0 la micro-cr\u00e8che: &nbsp; Ateliers de coordination \u0153il main\u00a0: bo\u00eetes avec balle, solides g\u00e9om\u00e9triques&#8230; &nbsp; Ateliers de coordination oculomotrice\u00a0: bo\u00eetes \u00e0 fentes et jetons, puzzles, tiges sur anneaux, effilement de perles-collage-d\u00e9coupage &hellip;","og_url":"https:\/\/larchedesbambinous.fr\/index.php\/activites-manuelles\/","og_site_name":"L&#039;Arche des Bambinous","article_publisher":"https:\/\/fr-fr.facebook.com\/pages\/biz\/97122\/Micro-cr%c3%a8che-LArche-des-Bambinous-170594110228766","article_modified_time":"2018-11-22T12:49:10+00:00","twitter_card":"summary_large_image","schema":{"@context":"https:\/\/schema.org","@graph":[{"@type":"Organization","@id":"https:\/\/larchedesbambinous.fr\/#organization","name":"Micro-cr\u00e8che L'Arche des Bambinous","url":"https:\/\/larchedesbambinous.fr\/","sameAs":["https:\/\/fr-fr.facebook.com\/pages\/biz\/97122\/Micro-cr\u00e8che-LArche-des-Bambinous-170594110228766"],"logo":{"@type":"ImageObject","inLanguage":"en-US","@id":"https:\/\/larchedesbambinous.fr\/#\/schema\/logo\/image\/","url":"http:\/\/larchedesbambinous.fr\/wp-content\/uploads\/2018\/02\/Logo-site-micro-creche-pro.png","contentUrl":"http:\/\/larchedesbambinous.fr\/wp-content\/uploads\/2018\/02\/Logo-site-micro-creche-pro.png","width":160,"height":150,"caption":"Micro-cr\u00e8che L'Arche des Bambinous"},"image":{"@id":"https:\/\/larchedesbambinous.fr\/#\/schema\/logo\/image\/"}},{"@type":"WebSite","@id":"https:\/\/larchedesbambinous.fr\/#website","url":"https:\/\/larchedesbambinous.fr\/","name":"L'Arche des Bambinous","description":"Micro-cr\u00e8che \u00e0 Baie-Mahault , Guadeloupe","publisher":{"@id":"https:\/\/larchedesbambinous.fr\/#organization"},"potentialAction":[{"@type":"SearchAction","target":{"@type":"EntryPoint","urlTemplate":"https:\/\/larchedesbambinous.fr\/?s={search_term_string}"},"query-input":"required name=search_term_string"}],"inLanguage":"en-US"},{"@type":"WebPage","@id":"https:\/\/larchedesbambinous.fr\/index.php\/activites-manuelles\/#webpage","url":"https:\/\/larchedesbambinous.fr\/index.php\/activites-manuelles\/","name":"Activit\u00e9s manuelles - L&#039;Arche des Bambinous","isPartOf":{"@id":"https:\/\/larchedesbambinous.fr\/#website"},"datePublished":"2018-02-14T19:22:40+00:00","dateModified":"2018-11-22T12:49:10+00:00","breadcrumb":{"@id":"https:\/\/larchedesbambinous.fr\/index.php\/activites-manuelles\/#breadcrumb"},"inLanguage":"en-US","potentialAction":[{"@type":"ReadAction","target":["https:\/\/larchedesbambinous.fr\/index.php\/activites-manuelles\/"]}]},{"@type":"BreadcrumbList","@id":"https:\/\/larchedesbambinous.fr\/index.php\/activites-manuelles\/#breadcrumb","itemListElement":[{"@type":"ListItem","position":1,"name":"Home","item":"https:\/\/larchedesbambinous.fr\/"},{"@type":"ListItem","position":2,"name":"Activit\u00e9s manuelles"}]}]}},"_links":{"self":[{"href":"https:\/\/larchedesbambinous.fr\/index.php\/wp-json\/wp\/v2\/pages\/91"}],"collection":[{"href":"https:\/\/larchedesbambinous.fr\/index.php\/wp-json\/wp\/v2\/pages"}],"about":[{"href":"https:\/\/larchedesbambinous.fr\/index.php\/wp-json\/wp\/v2\/types\/page"}],"author":[{"embeddable":true,"href":"https:\/\/larchedesbambinous.fr\/index.php\/wp-json\/wp\/v2\/users\/1"}],"replies":[{"embeddable":true,"href":"https:\/\/larchedesbambinous.fr\/index.php\/wp-json\/wp\/v2\/comments?post=91"}],"version-history":[{"count":4,"href":"https:\/\/larchedesbambinous.fr\/index.php\/wp-json\/wp\/v2\/pages\/91\/revisions"}],"predecessor-version":[{"id":230,"href":"https:\/\/larchedesbambinous.fr\/index.php\/wp-json\/wp\/v2\/pages\/91\/revisions\/230"}],"wp:attachment":[{"href":"https:\/\/larchedesbambinous.fr\/index.php\/wp-json\/wp\/v2\/media?parent=91"}],"curies":[{"name":"wp","href":"https:\/\/api.w.org\/{rel}","templated":true}]}}